{"id":6490,"date":"2022-04-21T10:11:10","date_gmt":"2022-04-21T08:11:10","guid":{"rendered":"https:\/\/laterale-residences.com\/noticias\/"},"modified":"2022-05-06T10:04:35","modified_gmt":"2022-05-06T08:04:35","slug":"noticias","status":"publish","type":"page","link":"https:\/\/laterale-residences.com\/pt-pt\/noticias\/","title":{"rendered":"Not\u00edcias"},"content":{"rendered":"\t\t<div data-elementor-type=\"wp-page\" data-elementor-id=\"6490\" class=\"elementor elementor-6490 elementor-863\" data-elementor-settings='{\"ha_cmc_init_switcher\":\"no\"}' data-elementor-post-type=\"page\">\n\t\t\t\t\t\t<section class=\"elementor-section elementor-top-section elementor-element elementor-element-2207364 elementor-section-full_width elementor-section-height-default elementor-section-height-default\" data-id=\"2207364\" data-element_type=\"section\" data-e-type=\"section\" data-settings='{\"_ha_eqh_enable\":false}'>\n\t\t\t\t\t\t<div class=\"elementor-container elementor-column-gap-default\">\n\t\t\t\t\t<div class=\"elementor-column elementor-col-100 elementor-top-column elementor-element elementor-element-14e7167\" data-id=\"14e7167\" data-element_type=\"column\" data-e-type=\"column\">\n\t\t\t<div class=\"elementor-widget-wrap elementor-element-populated\">\n\t\t\t\t\t\t<div class=\"elementor-element elementor-element-fc8f3f9 elementor--h-position-center elementor--v-position-middle elementor-arrows-position-inside elementor-pagination-position-inside elementor-widget elementor-widget-slides\" data-id=\"fc8f3f9\" data-element_type=\"widget\" data-e-type=\"widget\" data-settings='{\"transition\":\"fade\",\"navigation\":\"both\",\"autoplay\":\"yes\",\"pause_on_interaction\":\"yes\",\"autoplay_speed\":5000,\"infinite\":\"yes\",\"transition_speed\":500}' data-widget_type=\"slides.default\">\n\t\t\t\t\t\t\t\t\t\t<div class=\"elementor-slides-wrapper elementor-main-swiper swiper\" role=\"region\" aria-roledescription=\"carousel\" aria-label=\"Slides\" dir=\"ltr\" data-animation=\"\">\n\t\t\t\t<div class=\"swiper-wrapper elementor-slides\">\n\t\t\t\t\t\t\t\t\t\t<div class=\"elementor-repeater-item-84e3dc1 swiper-slide\" role=\"group\" aria-roledescription=\"slide\"><div class=\"swiper-slide-bg elementor-ken-burns elementor-ken-burns--in\" role=\"img\" aria-label=\"Laterale Residences - Parade V\u00e9nitienne\"><\/div><a class=\"swiper-slide-inner\" href=\"#introduction\"><div class=\"swiper-slide-contents\"><div class=\"elementor-slide-heading\">Not\u00edcias<\/div><div class=\"elementor-button elementor-slide-button elementor-size-sm\">\u2193<\/div><\/div><\/a><\/div>\t\t\t\t<\/div>\n\t\t\t\t\t\t\t<\/div>\n\t\t\t\t\t\t\t\t<\/div>\n\t\t\t\t\t<\/div>\n\t\t<\/div>\n\t\t\t\t\t<\/div>\n\t\t<\/section>\n\t\t\t\t<section class=\"elementor-section elementor-top-section elementor-element elementor-element-a968997 elementor-section-boxed elementor-section-height-default elementor-section-height-default\" data-id=\"a968997\" data-element_type=\"section\" data-e-type=\"section\" id=\"introduction\" data-settings='{\"_ha_eqh_enable\":false}'>\n\t\t\t\t\t\t<div class=\"elementor-container elementor-column-gap-default\">\n\t\t\t\t\t<div class=\"elementor-column elementor-col-100 elementor-top-column elementor-element elementor-element-dd163e0\" data-id=\"dd163e0\" data-element_type=\"column\" data-e-type=\"column\">\n\t\t\t<div class=\"elementor-widget-wrap elementor-element-populated\">\n\t\t\t\t\t\t<div class=\"elementor-element elementor-element-5484a04 elementor-grid-3 elementor-grid-tablet-2 elementor-grid-mobile-1 elementor-posts--thumbnail-top elementor-card-shadow-yes elementor-posts__hover-gradient elementor-widget elementor-widget-posts\" data-id=\"5484a04\" data-element_type=\"widget\" data-e-type=\"widget\" data-settings='{\"cards_columns\":\"3\",\"cards_columns_tablet\":\"2\",\"cards_columns_mobile\":\"1\",\"cards_row_gap\":{\"unit\":\"px\",\"size\":35,\"sizes\":[]},\"cards_row_gap_tablet\":{\"unit\":\"px\",\"size\":\"\",\"sizes\":[]},\"cards_row_gap_mobile\":{\"unit\":\"px\",\"size\":\"\",\"sizes\":[]}}' data-widget_type=\"posts.cards\">\n\t\t\t\t<div class=\"elementor-widget-container\">\n\t\t\t\t\t\t\t<div class=\"elementor-posts-container elementor-posts elementor-posts--skin-cards elementor-grid\" role=\"list\">\n\t\t\t\t<article class=\"elementor-post elementor-grid-item post-6600 post type-post status-publish format-standard has-post-thumbnail hentry category-noticias\" role=\"listitem\">\n\t\t\t<div class=\"elementor-post__card\">\n\t\t\t\t<a class=\"elementor-post__thumbnail__link\" href=\"https:\/\/laterale-residences.com\/pt-pt\/rio-knepfelfacht\/\" tabindex=\"-1\"><div class=\"elementor-post__thumbnail\"><img fetchpriority=\"high\" decoding=\"async\" width=\"768\" height=\"357\" src=\"https:\/\/laterale-residences.com\/wp-content\/uploads\/2022\/04\/riquewihr-knepfelfacht-2018f-1140x530-1-768x357.jpg\" class=\"attachment-medium_large size-medium_large wp-image-1987\" alt=\"\" srcset=\"https:\/\/laterale-residences.com\/wp-content\/uploads\/2022\/04\/riquewihr-knepfelfacht-2018f-1140x530-1-768x357.jpg 768w, https:\/\/laterale-residences.com\/wp-content\/uploads\/2022\/04\/riquewihr-knepfelfacht-2018f-1140x530-1-300x139.jpg 300w, https:\/\/laterale-residences.com\/wp-content\/uploads\/2022\/04\/riquewihr-knepfelfacht-2018f-1140x530-1-1024x476.jpg 1024w, https:\/\/laterale-residences.com\/wp-content\/uploads\/2022\/04\/riquewihr-knepfelfacht-2018f-1140x530-1.jpg 1140w\" sizes=\"(max-width: 768px) 100vw, 768px\"><\/div><\/a>\n\t\t\t\t<div class=\"elementor-post__badge\">Not\u00edcias<\/div>\n\t\t\t\t<div class=\"elementor-post__text\">\n\t\t\t\t<h3 class=\"elementor-post__title\">\n\t\t\t<a href=\"https:\/\/laterale-residences.com\/pt-pt\/rio-knepfelfacht\/\">\n\t\t\t\tKnepfelfacht\t\t\t<\/a>\n\t\t<\/h3>\n\t\t\t\t<div class=\"elementor-post__excerpt\">\n\t\t\t<p>Riquewihr \u2013 s\u00e1bado 10 de Junho \u2013 domingo 11 de Junho de 2023<br>\nProve os diferentes pratos oferecidos com base no Knepfle e delicie as suas papilas gustativas para um fim de semana! V\u00e1rias atividades s\u00e3o organizadas para colocar este prato t\u00edpico em destaque: degusta\u00e7\u00e3o, venda, concurso do melhor Knepfel ..<\/p>\n\t\t<\/div>\n\t\t\t\t<\/div>\n\t\t\t\t\t<\/div>\n\t\t<\/article>\n\t\t\t\t<article class=\"elementor-post elementor-grid-item post-10318 post type-post status-publish format-standard has-post-thumbnail hentry category-noticias\" role=\"listitem\">\n\t\t\t<div class=\"elementor-post__card\">\n\t\t\t\t<a class=\"elementor-post__thumbnail__link\" href=\"https:\/\/laterale-residences.com\/pt-pt\/calendario-2022-marchas-gourmet\/\" tabindex=\"-1\"><div class=\"elementor-post__thumbnail\"><img decoding=\"async\" width=\"768\" height=\"511\" src=\"https:\/\/laterale-residences.com\/wp-content\/uploads\/2022\/05\/Laterale-Residences7-Marche-gourmande-Illhauesern-768x511.jpg\" class=\"attachment-medium_large size-medium_large wp-image-10297\" alt=\"\" srcset=\"https:\/\/laterale-residences.com\/wp-content\/uploads\/2022\/05\/Laterale-Residences7-Marche-gourmande-Illhauesern-768x511.jpg 768w, https:\/\/laterale-residences.com\/wp-content\/uploads\/2022\/05\/Laterale-Residences7-Marche-gourmande-Illhauesern-300x200.jpg 300w, https:\/\/laterale-residences.com\/wp-content\/uploads\/2022\/05\/Laterale-Residences7-Marche-gourmande-Illhauesern.jpg 1000w\" sizes=\"(max-width: 768px) 100vw, 768px\"><\/div><\/a>\n\t\t\t\t<div class=\"elementor-post__badge\">Not\u00edcias<\/div>\n\t\t\t\t<div class=\"elementor-post__text\">\n\t\t\t\t<h3 class=\"elementor-post__title\">\n\t\t\t<a href=\"https:\/\/laterale-residences.com\/pt-pt\/calendario-2022-marchas-gourmet\/\">\n\t\t\t\tPasseios Gourmet 2023\t\t\t<\/a>\n\t\t<\/h3>\n\t\t\t\t<div class=\"elementor-post__excerpt\">\n\t\t\t<p>A \u201cMarche Gourmande\u201d \u00e9 um passeio ao ar fresco, na floresta, na vinha, pontuado por muitos palcos gourmet para provar produtos locais: aperitivo, entrada, prato principal, sobremesa, caf\u00e9\u2026 acompanhado por vinhos em harmonia\u2026 As partidas s\u00e3o em pequenos grupos a partir do meio da manh\u00e3. \u00c9 necess\u00e1rio reservar com muita anteced\u00eancia porque os lugares s\u00e3o rapidamente ocupados.<br>\nAqui est\u00e3o as datas de algumas \u201cMarchas Gourmet\u201d da Rota do Vinho\u2026<\/p>\n\t\t<\/div>\n\t\t\t\t<\/div>\n\t\t\t\t\t<\/div>\n\t\t<\/article>\n\t\t\t\t<article class=\"elementor-post elementor-grid-item post-6843 post type-post status-publish format-standard has-post-thumbnail hentry category-noticias\" role=\"listitem\">\n\t\t\t<div class=\"elementor-post__card\">\n\t\t\t\t<a class=\"elementor-post__thumbnail__link\" href=\"https:\/\/laterale-residences.com\/pt-pt\/desfile-veneziano\/\" tabindex=\"-1\"><div class=\"elementor-post__thumbnail\"><img decoding=\"async\" width=\"768\" height=\"512\" src=\"https:\/\/laterale-residences.com\/wp-content\/uploads\/2022\/04\/IMG_3577-768x512.jpg\" class=\"attachment-medium_large size-medium_large wp-image-2337\" alt=\"\" srcset=\"https:\/\/laterale-residences.com\/wp-content\/uploads\/2022\/04\/IMG_3577-768x512.jpg 768w, https:\/\/laterale-residences.com\/wp-content\/uploads\/2022\/04\/IMG_3577-300x200.jpg 300w, https:\/\/laterale-residences.com\/wp-content\/uploads\/2022\/04\/IMG_3577-1024x683.jpg 1024w, https:\/\/laterale-residences.com\/wp-content\/uploads\/2022\/04\/IMG_3577-1536x1024.jpg 1536w, https:\/\/laterale-residences.com\/wp-content\/uploads\/2022\/04\/IMG_3577-2048x1365.jpg 2048w\" sizes=\"(max-width: 768px) 100vw, 768px\"><\/div><\/a>\n\t\t\t\t<div class=\"elementor-post__badge\">Not\u00edcias<\/div>\n\t\t\t\t<div class=\"elementor-post__text\">\n\t\t\t\t<h3 class=\"elementor-post__title\">\n\t\t\t<a href=\"https:\/\/laterale-residences.com\/pt-pt\/desfile-veneziano\/\">\n\t\t\t\tDesfile veneziano\t\t\t<\/a>\n\t\t<\/h3>\n\t\t\t\t<div class=\"elementor-post__excerpt\">\n\t\t\t<p>Riquewihr \u2013 S\u00e1bado 1 de julho e Domingo 2 de julho de 2023.<\/p>\n<p>O Carnaval Veneziano de Riquewihr vai lev\u00e1-lo numa viagem pela bela Veneza, com os seus trajes sa\u00eddos de um conto de fadas. O desfile veneziano espera por si no final de junho, com a sua quota de anima\u00e7\u00f5es e desfiles.<\/p>\n\t\t<\/div>\n\t\t\t\t<\/div>\n\t\t\t\t\t<\/div>\n\t\t<\/article>\n\t\t\t\t<article class=\"elementor-post elementor-grid-item post-11146 post type-post status-publish format-standard has-post-thumbnail hentry category-noticias\" role=\"listitem\">\n\t\t\t<div class=\"elementor-post__card\">\n\t\t\t\t<a class=\"elementor-post__thumbnail__link\" href=\"https:\/\/laterale-residences.com\/pt-pt\/corso-fleuri\/\" tabindex=\"-1\"><div class=\"elementor-post__thumbnail\"><img loading=\"lazy\" decoding=\"async\" width=\"269\" height=\"187\" src=\"https:\/\/laterale-residences.com\/wp-content\/uploads\/2022\/05\/Laterale-Residences-Selestat-Corso-Fleuri-01a.jpg\" class=\"attachment-medium_large size-medium_large wp-image-11060\" alt=\"\"><\/div><\/a>\n\t\t\t\t<div class=\"elementor-post__badge\">Not\u00edcias<\/div>\n\t\t\t\t<div class=\"elementor-post__text\">\n\t\t\t\t<h3 class=\"elementor-post__title\">\n\t\t\t<a href=\"https:\/\/laterale-residences.com\/pt-pt\/corso-fleuri\/\">\n\t\t\t\tCorso Fleuri\t\t\t<\/a>\n\t\t<\/h3>\n\t\t\t\t<div class=\"elementor-post__excerpt\">\n\t\t\t<p>S\u00e9lestat \u2013 S\u00e1bado 12 e Domingo 13 de agosto de 2023.<br>\nAp\u00f3s uma paragem de dois anos, o Corso Fleuri, que celebra o seu 93\u00ba anivers\u00e1rio, regressa em 2022.<br>\nCom os seus doze carros aleg\u00f3ricos floridos, este evento emblem\u00e1tico da Cidade de S\u00e9lestat vai lev\u00e1-lo a passear pela natureza e acena \u00e0 Europa, tema da Cidade para este ano de 2022. Das florestas n\u00f3rdicas \u00e0s lendas, costumes e tradi\u00e7\u00f5es europeias, o p\u00fablico ser\u00e1 levado a deixar-se levar nesta viagem colorida.<\/p>\n\t\t<\/div>\n\t\t\t\t<\/div>\n\t\t\t\t\t<\/div>\n\t\t<\/article>\n\t\t\t\t<article class=\"elementor-post elementor-grid-item post-8611 post type-post status-publish format-standard has-post-thumbnail hentry category-noticias\" role=\"listitem\">\n\t\t\t<div class=\"elementor-post__card\">\n\t\t\t\t<a class=\"elementor-post__thumbnail__link\" href=\"https:\/\/laterale-residences.com\/pt-pt\/pfifferdaj\/\" tabindex=\"-1\"><div class=\"elementor-post__thumbnail\"><img loading=\"lazy\" decoding=\"async\" width=\"768\" height=\"432\" src=\"https:\/\/laterale-residences.com\/wp-content\/uploads\/2022\/10\/Laterale-Residences-Pfifferdaj-2022-Reveil-dOdin-naa-768x432.jpg\" class=\"attachment-medium_large size-medium_large wp-image-15097\" alt=\"\" srcset=\"https:\/\/laterale-residences.com\/wp-content\/uploads\/2022\/10\/Laterale-Residences-Pfifferdaj-2022-Reveil-dOdin-naa-768x432.jpg 768w, https:\/\/laterale-residences.com\/wp-content\/uploads\/2022\/10\/Laterale-Residences-Pfifferdaj-2022-Reveil-dOdin-naa-300x169.jpg 300w, https:\/\/laterale-residences.com\/wp-content\/uploads\/2022\/10\/Laterale-Residences-Pfifferdaj-2022-Reveil-dOdin-naa-1024x576.jpg 1024w, https:\/\/laterale-residences.com\/wp-content\/uploads\/2022\/10\/Laterale-Residences-Pfifferdaj-2022-Reveil-dOdin-naa-1536x864.jpg 1536w, https:\/\/laterale-residences.com\/wp-content\/uploads\/2022\/10\/Laterale-Residences-Pfifferdaj-2022-Reveil-dOdin-naa-2048x1152.jpg 2048w\" sizes=\"(max-width: 768px) 100vw, 768px\"><\/div><\/a>\n\t\t\t\t<div class=\"elementor-post__badge\">Not\u00edcias<\/div>\n\t\t\t\t<div class=\"elementor-post__text\">\n\t\t\t\t<h3 class=\"elementor-post__title\">\n\t\t\t<a href=\"https:\/\/laterale-residences.com\/pt-pt\/pfifferdaj\/\">\n\t\t\t\tPfifferdaj\t\t\t<\/a>\n\t\t<\/h3>\n\t\t\t\t<div class=\"elementor-post__excerpt\">\n\t\t\t<p>Ribeauvill\u00e9 \u2013 Domingo 3 de setembro de 2023<br>\nA F\u00eate des M\u00e9n\u00e9triers \u00e9 o festival mais antigo da Als\u00e1cia. Tem preservado as tradi\u00e7\u00f5es, trajes, cores e notoriedade que centenas de m\u00fasicos e trovadores lhe deram do s\u00e9culo XIV. Depois foram a Ribeauvill\u00e9 celebrar os seus la\u00e7os com os senhores de Ribeaupierre que os protegiam.<\/p>\n\t\t<\/div>\n\t\t\t\t<\/div>\n\t\t\t\t\t<\/div>\n\t\t<\/article>\n\t\t\t\t<\/div>\n\t\t\n\t\t\t\t\t\t<\/div>\n\t\t\t\t<\/div>\n\t\t\t\t\t<\/div>\n\t\t<\/div>\n\t\t\t\t\t<\/div>\n\t\t<\/section>\n\t\t\t\t<\/div>\n\t\t","protected":false},"excerpt":{"rendered":"<p>Not\u00edcias\u2193<\/p>\n","protected":false},"author":1,"featured_media":0,"parent":0,"menu_order":0,"comment_status":"closed","ping_status":"closed","template":"","meta":{"_acf_changed":false,"footnotes":""},"class_list":["post-6490","page","type-page","status-publish","hentry"],"acf":[],"yoast_head":"<!-- This site is optimized with the Yoast SEO Premium plugin v21.7 (Yoast SEO v27.3) - https:\/\/yoast.com\/product\/yoast-seo-premium-wordpress\/ -->\n<title>Not\u00edcias - Laterale Residences<\/title>\n<meta name=\"robots\" content=\"index, follow, max-snippet:-1, max-image-preview:large, max-video-preview:-1\" \/>\n<link rel=\"canonical\" href=\"https:\/\/laterale-residences.com\/pt-pt\/noticias\/\" \/>\n<meta property=\"og:locale\" content=\"pt_PT\" \/>\n<meta property=\"og:type\" content=\"article\" \/>\n<meta property=\"og:title\" content=\"Not\u00edcias\" \/>\n<meta property=\"og:description\" content=\"Not\u00edcias\u2193\" \/>\n<meta property=\"og:url\" content=\"https:\/\/laterale-residences.com\/pt-pt\/noticias\/\" \/>\n<meta property=\"og:site_name\" content=\"Laterale Residences\" \/>\n<meta property=\"article:modified_time\" content=\"2022-05-06T08:04:35+00:00\" \/>\n<meta name=\"twitter:card\" content=\"summary_large_image\" \/>\n<script type=\"application\/ld+json\" class=\"yoast-schema-graph\">{\"@context\":\"https:\\\/\\\/schema.org\",\"@graph\":[{\"@type\":\"WebPage\",\"@id\":\"https:\\\/\\\/laterale-residences.com\\\/pt-pt\\\/noticias\\\/\",\"url\":\"https:\\\/\\\/laterale-residences.com\\\/pt-pt\\\/noticias\\\/\",\"name\":\"Not\u00edcias - Laterale Residences\",\"isPartOf\":{\"@id\":\"https:\\\/\\\/laterale-residences.com\\\/pt-pt\\\/#website\"},\"datePublished\":\"2022-04-21T08:11:10+00:00\",\"dateModified\":\"2022-05-06T08:04:35+00:00\",\"breadcrumb\":{\"@id\":\"https:\\\/\\\/laterale-residences.com\\\/pt-pt\\\/noticias\\\/#breadcrumb\"},\"inLanguage\":\"pt-PT\",\"potentialAction\":[{\"@type\":\"ReadAction\",\"target\":[\"https:\\\/\\\/laterale-residences.com\\\/pt-pt\\\/noticias\\\/\"]}]},{\"@type\":\"BreadcrumbList\",\"@id\":\"https:\\\/\\\/laterale-residences.com\\\/pt-pt\\\/noticias\\\/#breadcrumb\",\"itemListElement\":[{\"@type\":\"ListItem\",\"position\":1,\"name\":\"Accueil\",\"item\":\"https:\\\/\\\/laterale-residences.com\\\/pt-pt\\\/rececao\\\/\"},{\"@type\":\"ListItem\",\"position\":2,\"name\":\"Not\u00edcias\"}]},{\"@type\":\"WebSite\",\"@id\":\"https:\\\/\\\/laterale-residences.com\\\/pt-pt\\\/#website\",\"url\":\"https:\\\/\\\/laterale-residences.com\\\/pt-pt\\\/\",\"name\":\"Laterale Residences\",\"description\":\"Appartements Vacances Riquewihr sur la route des vins d&#039;Alsace\",\"publisher\":{\"@id\":\"https:\\\/\\\/laterale-residences.com\\\/pt-pt\\\/#organization\"},\"potentialAction\":[{\"@type\":\"SearchAction\",\"target\":{\"@type\":\"EntryPoint\",\"urlTemplate\":\"https:\\\/\\\/laterale-residences.com\\\/pt-pt\\\/?s={search_term_string}\"},\"query-input\":{\"@type\":\"PropertyValueSpecification\",\"valueRequired\":true,\"valueName\":\"search_term_string\"}}],\"inLanguage\":\"pt-PT\"},{\"@type\":\"Organization\",\"@id\":\"https:\\\/\\\/laterale-residences.com\\\/pt-pt\\\/#organization\",\"name\":\"Laterale Residences\",\"url\":\"https:\\\/\\\/laterale-residences.com\\\/pt-pt\\\/\",\"logo\":{\"@type\":\"ImageObject\",\"inLanguage\":\"pt-PT\",\"@id\":\"https:\\\/\\\/laterale-residences.com\\\/pt-pt\\\/#\\\/schema\\\/logo\\\/image\\\/\",\"url\":\"https:\\\/\\\/laterale-residences.com\\\/wp-content\\\/uploads\\\/2021\\\/07\\\/logo_laterale_residences_etoiles.png\",\"contentUrl\":\"https:\\\/\\\/laterale-residences.com\\\/wp-content\\\/uploads\\\/2021\\\/07\\\/logo_laterale_residences_etoiles.png\",\"width\":600,\"height\":600,\"caption\":\"Laterale Residences\"},\"image\":{\"@id\":\"https:\\\/\\\/laterale-residences.com\\\/pt-pt\\\/#\\\/schema\\\/logo\\\/image\\\/\"}}]}<\/script>\n<!-- \/ Yoast SEO Premium plugin. -->","yoast_head_json":{"title":"Not\u00edcias - Laterale Residences","robots":{"index":"index","follow":"follow","max-snippet":"max-snippet:-1","max-image-preview":"max-image-preview:large","max-video-preview":"max-video-preview:-1"},"canonical":"https:\/\/laterale-residences.com\/pt-pt\/noticias\/","og_locale":"pt_PT","og_type":"article","og_title":"Not\u00edcias","og_description":"Not\u00edcias\u2193","og_url":"https:\/\/laterale-residences.com\/pt-pt\/noticias\/","og_site_name":"Laterale Residences","article_modified_time":"2022-05-06T08:04:35+00:00","twitter_card":"summary_large_image","schema":{"@context":"https:\/\/schema.org","@graph":[{"@type":"WebPage","@id":"https:\/\/laterale-residences.com\/pt-pt\/noticias\/","url":"https:\/\/laterale-residences.com\/pt-pt\/noticias\/","name":"Not\u00edcias - Laterale Residences","isPartOf":{"@id":"https:\/\/laterale-residences.com\/pt-pt\/#website"},"datePublished":"2022-04-21T08:11:10+00:00","dateModified":"2022-05-06T08:04:35+00:00","breadcrumb":{"@id":"https:\/\/laterale-residences.com\/pt-pt\/noticias\/#breadcrumb"},"inLanguage":"pt-PT","potentialAction":[{"@type":"ReadAction","target":["https:\/\/laterale-residences.com\/pt-pt\/noticias\/"]}]},{"@type":"BreadcrumbList","@id":"https:\/\/laterale-residences.com\/pt-pt\/noticias\/#breadcrumb","itemListElement":[{"@type":"ListItem","position":1,"name":"Accueil","item":"https:\/\/laterale-residences.com\/pt-pt\/rececao\/"},{"@type":"ListItem","position":2,"name":"Not\u00edcias"}]},{"@type":"WebSite","@id":"https:\/\/laterale-residences.com\/pt-pt\/#website","url":"https:\/\/laterale-residences.com\/pt-pt\/","name":"Laterale Residences","description":"Appartements Vacances Riquewihr sur la route des vins d&#039;Alsace","publisher":{"@id":"https:\/\/laterale-residences.com\/pt-pt\/#organization"},"potentialAction":[{"@type":"SearchAction","target":{"@type":"EntryPoint","urlTemplate":"https:\/\/laterale-residences.com\/pt-pt\/?s={search_term_string}"},"query-input":{"@type":"PropertyValueSpecification","valueRequired":true,"valueName":"search_term_string"}}],"inLanguage":"pt-PT"},{"@type":"Organization","@id":"https:\/\/laterale-residences.com\/pt-pt\/#organization","name":"Laterale Residences","url":"https:\/\/laterale-residences.com\/pt-pt\/","logo":{"@type":"ImageObject","inLanguage":"pt-PT","@id":"https:\/\/laterale-residences.com\/pt-pt\/#\/schema\/logo\/image\/","url":"https:\/\/laterale-residences.com\/wp-content\/uploads\/2021\/07\/logo_laterale_residences_etoiles.png","contentUrl":"https:\/\/laterale-residences.com\/wp-content\/uploads\/2021\/07\/logo_laterale_residences_etoiles.png","width":600,"height":600,"caption":"Laterale Residences"},"image":{"@id":"https:\/\/laterale-residences.com\/pt-pt\/#\/schema\/logo\/image\/"}}]}},"_links":{"self":[{"href":"https:\/\/laterale-residences.com\/pt-pt\/wp-json\/wp\/v2\/pages\/6490","targetHints":{"allow":["GET"]}}],"collection":[{"href":"https:\/\/laterale-residences.com\/pt-pt\/wp-json\/wp\/v2\/pages"}],"about":[{"href":"https:\/\/laterale-residences.com\/pt-pt\/wp-json\/wp\/v2\/types\/page"}],"author":[{"embeddable":true,"href":"https:\/\/laterale-residences.com\/pt-pt\/wp-json\/wp\/v2\/users\/1"}],"replies":[{"embeddable":true,"href":"https:\/\/laterale-residences.com\/pt-pt\/wp-json\/wp\/v2\/comments?post=6490"}],"version-history":[{"count":3,"href":"https:\/\/laterale-residences.com\/pt-pt\/wp-json\/wp\/v2\/pages\/6490\/revisions"}],"predecessor-version":[{"id":10462,"href":"https:\/\/laterale-residences.com\/pt-pt\/wp-json\/wp\/v2\/pages\/6490\/revisions\/10462"}],"wp:attachment":[{"href":"https:\/\/laterale-residences.com\/pt-pt\/wp-json\/wp\/v2\/media?parent=6490"}],"curies":[{"name":"wp","href":"https:\/\/api.w.org\/{rel}","templated":true}]}}