{"id":6046,"date":"2021-07-19T17:09:05","date_gmt":"2021-07-19T15:09:05","guid":{"rendered":"https:\/\/laterale-residences.com\/o-que-fazer\/"},"modified":"2022-12-09T19:16:31","modified_gmt":"2022-12-09T18:16:31","slug":"o-que-fazer","status":"publish","type":"page","link":"https:\/\/laterale-residences.com\/pt-pt\/o-que-fazer\/","title":{"rendered":"O que fazer"},"content":{"rendered":"\t\t<div data-elementor-type=\"wp-page\" data-elementor-id=\"6046\" class=\"elementor elementor-6046 elementor-135\" data-elementor-settings='{\"ha_cmc_init_switcher\":\"no\"}' data-elementor-post-type=\"page\">\n\t\t\t\t\t\t<section class=\"elementor-section elementor-top-section elementor-element elementor-element-0c6774e elementor-section-full_width elementor-section-height-default elementor-section-height-default\" data-id=\"0c6774e\" data-element_type=\"section\" data-e-type=\"section\" data-settings='{\"_ha_eqh_enable\":false}'>\n\t\t\t\t\t\t<div class=\"elementor-container elementor-column-gap-default\">\n\t\t\t\t\t<div class=\"elementor-column elementor-col-100 elementor-top-column elementor-element elementor-element-80b02b4\" data-id=\"80b02b4\" data-element_type=\"column\" data-e-type=\"column\">\n\t\t\t<div class=\"elementor-widget-wrap elementor-element-populated\">\n\t\t\t\t\t\t<div class=\"elementor-element elementor-element-f67c72f elementor--h-position-center elementor--v-position-middle elementor-arrows-position-inside elementor-pagination-position-inside elementor-widget elementor-widget-slides\" data-id=\"f67c72f\" data-element_type=\"widget\" data-e-type=\"widget\" data-settings='{\"transition\":\"fade\",\"navigation\":\"both\",\"autoplay\":\"yes\",\"pause_on_interaction\":\"yes\",\"autoplay_speed\":5000,\"infinite\":\"yes\",\"transition_speed\":500}' data-widget_type=\"slides.default\">\n\t\t\t\t\t\t\t\t\t\t<div class=\"elementor-slides-wrapper elementor-main-swiper swiper\" role=\"region\" aria-roledescription=\"carousel\" aria-label=\"Slides\" dir=\"ltr\" data-animation=\"\">\n\t\t\t\t<div class=\"swiper-wrapper elementor-slides\">\n\t\t\t\t\t\t\t\t\t\t<div class=\"elementor-repeater-item-84e3dc1 swiper-slide\" role=\"group\" aria-roledescription=\"slide\"><div class=\"swiper-slide-bg\" role=\"img\" aria-label=\"Laterale Residences Riquewihr KnepfelFescht\"><\/div><a class=\"swiper-slide-inner\" href=\"#introduction\"><div class=\"swiper-slide-contents\"><div class=\"elementor-slide-heading\">O que fazer<\/div><div class=\"elementor-button elementor-slide-button elementor-size-sm\">\u2193<\/div><\/div><\/a><\/div>\t\t\t\t<\/div>\n\t\t\t\t\t\t\t<\/div>\n\t\t\t\t\t\t\t\t<\/div>\n\t\t\t\t\t<\/div>\n\t\t<\/div>\n\t\t\t\t\t<\/div>\n\t\t<\/section>\n\t\t\t\t<section class=\"elementor-section elementor-top-section elementor-element elementor-element-2c20fe6 elementor-section-boxed elementor-section-height-default elementor-section-height-default\" data-id=\"2c20fe6\" data-element_type=\"section\" data-e-type=\"section\" data-settings='{\"_ha_eqh_enable\":false}'>\n\t\t\t\t\t\t<div class=\"elementor-container elementor-column-gap-default\">\n\t\t\t\t\t<div class=\"elementor-column elementor-col-100 elementor-top-column elementor-element elementor-element-596f907\" data-id=\"596f907\" data-element_type=\"column\" data-e-type=\"column\">\n\t\t\t<div class=\"elementor-widget-wrap elementor-element-populated\">\n\t\t\t\t\t\t\t<\/div>\n\t\t<\/div>\n\t\t\t\t\t<\/div>\n\t\t<\/section>\n\t\t\t\t<\/div>\n\t\t","protected":false},"excerpt":{"rendered":"<p>O que fazer\u2193<\/p>\n","protected":false},"author":1,"featured_media":3999,"parent":0,"menu_order":0,"comment_status":"closed","ping_status":"closed","template":"","meta":{"_acf_changed":false,"footnotes":""},"class_list":["post-6046","page","type-page","status-publish","has-post-thumbnail","hentry"],"acf":[],"yoast_head":"<!-- This site is optimized with the Yoast SEO Premium plugin v21.7 (Yoast SEO v27.4) - https:\/\/yoast.com\/product\/yoast-seo-premium-wordpress\/ -->\n<title>O que fazer - Laterale Residences<\/title>\n<meta name=\"description\" content=\"As aldeias em torno do Laterale Residences, no cora\u00e7\u00e3o da Rota dos Vinhos da Als\u00e1cia, oferecem muitas oportunidades para fazer atividades culturais, divertidas, enol\u00f3gicas ou desportivas...\" \/>\n<meta name=\"robots\" content=\"index, follow, max-snippet:-1, max-image-preview:large, max-video-preview:-1\" \/>\n<link rel=\"canonical\" href=\"https:\/\/laterale-residences.com\/pt-pt\/o-que-fazer\/\" \/>\n<meta property=\"og:locale\" content=\"pt_PT\" \/>\n<meta property=\"og:type\" content=\"article\" \/>\n<meta property=\"og:title\" content=\"O que fazer\" \/>\n<meta property=\"og:description\" content=\"As aldeias em torno do Laterale Residences, no cora\u00e7\u00e3o da Rota dos Vinhos da Als\u00e1cia, oferecem muitas oportunidades para fazer atividades culturais, divertidas, enol\u00f3gicas ou desportivas...\" \/>\n<meta property=\"og:url\" content=\"https:\/\/laterale-residences.com\/pt-pt\/o-que-fazer\/\" \/>\n<meta property=\"og:site_name\" content=\"Laterale Residences\" \/>\n<meta property=\"article:modified_time\" content=\"2022-12-09T18:16:31+00:00\" \/>\n<meta property=\"og:image\" content=\"https:\/\/laterale-residences.com\/wp-content\/uploads\/2022\/04\/IMG_9177-scaled.jpg\" \/>\n\t<meta property=\"og:image:width\" content=\"2560\" \/>\n\t<meta property=\"og:image:height\" content=\"1920\" \/>\n\t<meta property=\"og:image:type\" content=\"image\/jpeg\" \/>\n<meta name=\"twitter:card\" content=\"summary_large_image\" \/>\n<script type=\"application\/ld+json\" class=\"yoast-schema-graph\">{\"@context\":\"https:\\\/\\\/schema.org\",\"@graph\":[{\"@type\":\"WebPage\",\"@id\":\"https:\\\/\\\/laterale-residences.com\\\/pt-pt\\\/o-que-fazer\\\/\",\"url\":\"https:\\\/\\\/laterale-residences.com\\\/pt-pt\\\/o-que-fazer\\\/\",\"name\":\"O que fazer - Laterale Residences\",\"isPartOf\":{\"@id\":\"https:\\\/\\\/laterale-residences.com\\\/pt-pt\\\/#website\"},\"primaryImageOfPage\":{\"@id\":\"https:\\\/\\\/laterale-residences.com\\\/pt-pt\\\/o-que-fazer\\\/#primaryimage\"},\"image\":{\"@id\":\"https:\\\/\\\/laterale-residences.com\\\/pt-pt\\\/o-que-fazer\\\/#primaryimage\"},\"thumbnailUrl\":\"https:\\\/\\\/laterale-residences.com\\\/wp-content\\\/uploads\\\/2022\\\/04\\\/IMG_9177-scaled.jpg\",\"datePublished\":\"2021-07-19T15:09:05+00:00\",\"dateModified\":\"2022-12-09T18:16:31+00:00\",\"description\":\"As aldeias em torno do Laterale Residences, no cora\u00e7\u00e3o da Rota dos Vinhos da Als\u00e1cia, oferecem muitas oportunidades para fazer atividades culturais, divertidas, enol\u00f3gicas ou desportivas...\",\"breadcrumb\":{\"@id\":\"https:\\\/\\\/laterale-residences.com\\\/pt-pt\\\/o-que-fazer\\\/#breadcrumb\"},\"inLanguage\":\"pt-PT\",\"potentialAction\":[{\"@type\":\"ReadAction\",\"target\":[\"https:\\\/\\\/laterale-residences.com\\\/pt-pt\\\/o-que-fazer\\\/\"]}]},{\"@type\":\"ImageObject\",\"inLanguage\":\"pt-PT\",\"@id\":\"https:\\\/\\\/laterale-residences.com\\\/pt-pt\\\/o-que-fazer\\\/#primaryimage\",\"url\":\"https:\\\/\\\/laterale-residences.com\\\/wp-content\\\/uploads\\\/2022\\\/04\\\/IMG_9177-scaled.jpg\",\"contentUrl\":\"https:\\\/\\\/laterale-residences.com\\\/wp-content\\\/uploads\\\/2022\\\/04\\\/IMG_9177-scaled.jpg\",\"width\":2560,\"height\":1920,\"caption\":\"Laterale Residences Riquewihr\"},{\"@type\":\"BreadcrumbList\",\"@id\":\"https:\\\/\\\/laterale-residences.com\\\/pt-pt\\\/o-que-fazer\\\/#breadcrumb\",\"itemListElement\":[{\"@type\":\"ListItem\",\"position\":1,\"name\":\"Accueil\",\"item\":\"https:\\\/\\\/laterale-residences.com\\\/pt-pt\\\/rececao\\\/\"},{\"@type\":\"ListItem\",\"position\":2,\"name\":\"O que fazer\"}]},{\"@type\":\"WebSite\",\"@id\":\"https:\\\/\\\/laterale-residences.com\\\/pt-pt\\\/#website\",\"url\":\"https:\\\/\\\/laterale-residences.com\\\/pt-pt\\\/\",\"name\":\"Laterale Residences\",\"description\":\"Appartements Vacances Riquewihr sur la route des vins d&#039;Alsace\",\"publisher\":{\"@id\":\"https:\\\/\\\/laterale-residences.com\\\/pt-pt\\\/#organization\"},\"potentialAction\":[{\"@type\":\"SearchAction\",\"target\":{\"@type\":\"EntryPoint\",\"urlTemplate\":\"https:\\\/\\\/laterale-residences.com\\\/pt-pt\\\/?s={search_term_string}\"},\"query-input\":{\"@type\":\"PropertyValueSpecification\",\"valueRequired\":true,\"valueName\":\"search_term_string\"}}],\"inLanguage\":\"pt-PT\"},{\"@type\":\"Organization\",\"@id\":\"https:\\\/\\\/laterale-residences.com\\\/pt-pt\\\/#organization\",\"name\":\"Laterale Residences\",\"url\":\"https:\\\/\\\/laterale-residences.com\\\/pt-pt\\\/\",\"logo\":{\"@type\":\"ImageObject\",\"inLanguage\":\"pt-PT\",\"@id\":\"https:\\\/\\\/laterale-residences.com\\\/pt-pt\\\/#\\\/schema\\\/logo\\\/image\\\/\",\"url\":\"https:\\\/\\\/laterale-residences.com\\\/wp-content\\\/uploads\\\/2021\\\/07\\\/logo_laterale_residences_etoiles.png\",\"contentUrl\":\"https:\\\/\\\/laterale-residences.com\\\/wp-content\\\/uploads\\\/2021\\\/07\\\/logo_laterale_residences_etoiles.png\",\"width\":600,\"height\":600,\"caption\":\"Laterale Residences\"},\"image\":{\"@id\":\"https:\\\/\\\/laterale-residences.com\\\/pt-pt\\\/#\\\/schema\\\/logo\\\/image\\\/\"}}]}<\/script>\n<!-- \/ Yoast SEO Premium plugin. -->","yoast_head_json":{"title":"O que fazer - Laterale Residences","description":"As aldeias em torno do Laterale Residences, no cora\u00e7\u00e3o da Rota dos Vinhos da Als\u00e1cia, oferecem muitas oportunidades para fazer atividades culturais, divertidas, enol\u00f3gicas ou desportivas...","robots":{"index":"index","follow":"follow","max-snippet":"max-snippet:-1","max-image-preview":"max-image-preview:large","max-video-preview":"max-video-preview:-1"},"canonical":"https:\/\/laterale-residences.com\/pt-pt\/o-que-fazer\/","og_locale":"pt_PT","og_type":"article","og_title":"O que fazer","og_description":"As aldeias em torno do Laterale Residences, no cora\u00e7\u00e3o da Rota dos Vinhos da Als\u00e1cia, oferecem muitas oportunidades para fazer atividades culturais, divertidas, enol\u00f3gicas ou desportivas...","og_url":"https:\/\/laterale-residences.com\/pt-pt\/o-que-fazer\/","og_site_name":"Laterale Residences","article_modified_time":"2022-12-09T18:16:31+00:00","og_image":[{"width":2560,"height":1920,"url":"https:\/\/laterale-residences.com\/wp-content\/uploads\/2022\/04\/IMG_9177-scaled.jpg","type":"image\/jpeg"}],"twitter_card":"summary_large_image","schema":{"@context":"https:\/\/schema.org","@graph":[{"@type":"WebPage","@id":"https:\/\/laterale-residences.com\/pt-pt\/o-que-fazer\/","url":"https:\/\/laterale-residences.com\/pt-pt\/o-que-fazer\/","name":"O que fazer - Laterale Residences","isPartOf":{"@id":"https:\/\/laterale-residences.com\/pt-pt\/#website"},"primaryImageOfPage":{"@id":"https:\/\/laterale-residences.com\/pt-pt\/o-que-fazer\/#primaryimage"},"image":{"@id":"https:\/\/laterale-residences.com\/pt-pt\/o-que-fazer\/#primaryimage"},"thumbnailUrl":"https:\/\/laterale-residences.com\/wp-content\/uploads\/2022\/04\/IMG_9177-scaled.jpg","datePublished":"2021-07-19T15:09:05+00:00","dateModified":"2022-12-09T18:16:31+00:00","description":"As aldeias em torno do Laterale Residences, no cora\u00e7\u00e3o da Rota dos Vinhos da Als\u00e1cia, oferecem muitas oportunidades para fazer atividades culturais, divertidas, enol\u00f3gicas ou desportivas...","breadcrumb":{"@id":"https:\/\/laterale-residences.com\/pt-pt\/o-que-fazer\/#breadcrumb"},"inLanguage":"pt-PT","potentialAction":[{"@type":"ReadAction","target":["https:\/\/laterale-residences.com\/pt-pt\/o-que-fazer\/"]}]},{"@type":"ImageObject","inLanguage":"pt-PT","@id":"https:\/\/laterale-residences.com\/pt-pt\/o-que-fazer\/#primaryimage","url":"https:\/\/laterale-residences.com\/wp-content\/uploads\/2022\/04\/IMG_9177-scaled.jpg","contentUrl":"https:\/\/laterale-residences.com\/wp-content\/uploads\/2022\/04\/IMG_9177-scaled.jpg","width":2560,"height":1920,"caption":"Laterale Residences Riquewihr"},{"@type":"BreadcrumbList","@id":"https:\/\/laterale-residences.com\/pt-pt\/o-que-fazer\/#breadcrumb","itemListElement":[{"@type":"ListItem","position":1,"name":"Accueil","item":"https:\/\/laterale-residences.com\/pt-pt\/rececao\/"},{"@type":"ListItem","position":2,"name":"O que fazer"}]},{"@type":"WebSite","@id":"https:\/\/laterale-residences.com\/pt-pt\/#website","url":"https:\/\/laterale-residences.com\/pt-pt\/","name":"Laterale Residences","description":"Appartements Vacances Riquewihr sur la route des vins d&#039;Alsace","publisher":{"@id":"https:\/\/laterale-residences.com\/pt-pt\/#organization"},"potentialAction":[{"@type":"SearchAction","target":{"@type":"EntryPoint","urlTemplate":"https:\/\/laterale-residences.com\/pt-pt\/?s={search_term_string}"},"query-input":{"@type":"PropertyValueSpecification","valueRequired":true,"valueName":"search_term_string"}}],"inLanguage":"pt-PT"},{"@type":"Organization","@id":"https:\/\/laterale-residences.com\/pt-pt\/#organization","name":"Laterale Residences","url":"https:\/\/laterale-residences.com\/pt-pt\/","logo":{"@type":"ImageObject","inLanguage":"pt-PT","@id":"https:\/\/laterale-residences.com\/pt-pt\/#\/schema\/logo\/image\/","url":"https:\/\/laterale-residences.com\/wp-content\/uploads\/2021\/07\/logo_laterale_residences_etoiles.png","contentUrl":"https:\/\/laterale-residences.com\/wp-content\/uploads\/2021\/07\/logo_laterale_residences_etoiles.png","width":600,"height":600,"caption":"Laterale Residences"},"image":{"@id":"https:\/\/laterale-residences.com\/pt-pt\/#\/schema\/logo\/image\/"}}]}},"_links":{"self":[{"href":"https:\/\/laterale-residences.com\/pt-pt\/wp-json\/wp\/v2\/pages\/6046","targetHints":{"allow":["GET"]}}],"collection":[{"href":"https:\/\/laterale-residences.com\/pt-pt\/wp-json\/wp\/v2\/pages"}],"about":[{"href":"https:\/\/laterale-residences.com\/pt-pt\/wp-json\/wp\/v2\/types\/page"}],"author":[{"embeddable":true,"href":"https:\/\/laterale-residences.com\/pt-pt\/wp-json\/wp\/v2\/users\/1"}],"replies":[{"embeddable":true,"href":"https:\/\/laterale-residences.com\/pt-pt\/wp-json\/wp\/v2\/comments?post=6046"}],"version-history":[{"count":35,"href":"https:\/\/laterale-residences.com\/pt-pt\/wp-json\/wp\/v2\/pages\/6046\/revisions"}],"predecessor-version":[{"id":16800,"href":"https:\/\/laterale-residences.com\/pt-pt\/wp-json\/wp\/v2\/pages\/6046\/revisions\/16800"}],"wp:featuredmedia":[{"embeddable":true,"href":"https:\/\/laterale-residences.com\/pt-pt\/wp-json\/wp\/v2\/media\/3999"}],"wp:attachment":[{"href":"https:\/\/laterale-residences.com\/pt-pt\/wp-json\/wp\/v2\/media?parent=6046"}],"curies":[{"name":"wp","href":"https:\/\/api.w.org\/{rel}","templated":true}]}}