{"id":11564,"date":"2022-05-10T10:24:11","date_gmt":"2022-05-10T08:24:11","guid":{"rendered":"https:\/\/laterale-residences.com\/o-que-fazer\/atividades-cloned-141\/"},"modified":"2022-06-24T16:05:03","modified_gmt":"2022-06-24T14:05:03","slug":"atividades-cloned-141","status":"publish","type":"page","link":"https:\/\/laterale-residences.com\/pt-pt\/o-que-fazer\/atividades-cloned-141\/","title":{"rendered":"Museus"},"content":{"rendered":"\t\t<div data-elementor-type=\"wp-page\" data-elementor-id=\"11564\" class=\"elementor elementor-11564 elementor-11550\" data-elementor-settings='{\"ha_cmc_init_switcher\":\"no\"}' data-elementor-post-type=\"page\">\n\t\t\t\t\t\t<section class=\"elementor-section elementor-top-section elementor-element elementor-element-c70d16f elementor-section-full_width elementor-section-height-default elementor-section-height-default\" data-id=\"c70d16f\" data-element_type=\"section\" data-e-type=\"section\" data-settings='{\"_ha_eqh_enable\":false}'>\n\t\t\t\t\t\t<div class=\"elementor-container elementor-column-gap-default\">\n\t\t\t\t\t<div class=\"elementor-column elementor-col-100 elementor-top-column elementor-element elementor-element-ed63422\" data-id=\"ed63422\" data-element_type=\"column\" data-e-type=\"column\">\n\t\t\t<div class=\"elementor-widget-wrap elementor-element-populated\">\n\t\t\t\t\t\t<div class=\"elementor-element elementor-element-418250d elementor--h-position-center elementor--v-position-middle elementor-arrows-position-inside elementor-pagination-position-inside elementor-widget elementor-widget-slides\" data-id=\"418250d\" data-element_type=\"widget\" data-e-type=\"widget\" data-settings='{\"transition\":\"fade\",\"navigation\":\"both\",\"autoplay\":\"yes\",\"pause_on_interaction\":\"yes\",\"autoplay_speed\":5000,\"infinite\":\"yes\",\"transition_speed\":500}' data-widget_type=\"slides.default\">\n\t\t\t\t\t\t\t\t\t\t<div class=\"elementor-slides-wrapper elementor-main-swiper swiper\" role=\"region\" aria-roledescription=\"carousel\" aria-label=\"Slides\" dir=\"ltr\" data-animation=\"\">\n\t\t\t\t<div class=\"swiper-wrapper elementor-slides\">\n\t\t\t\t\t\t\t\t\t\t<div class=\"elementor-repeater-item-84e3dc1 swiper-slide\" role=\"group\" aria-roledescription=\"slide\"><div class=\"swiper-slide-bg elementor-ken-burns elementor-ken-burns--in\" role=\"img\" aria-label=\"Laterale Residences Musee-Wurth-Erstein\"><\/div><a class=\"swiper-slide-inner\" href=\"#introduction\"><div class=\"swiper-slide-contents\"><div class=\"elementor-slide-heading\">Museus<\/div><div class=\"elementor-button elementor-slide-button elementor-size-sm\">\u2193<\/div><\/div><\/a><\/div>\t\t\t\t<\/div>\n\t\t\t\t\t\t\t<\/div>\n\t\t\t\t\t\t\t\t<\/div>\n\t\t\t\t\t<\/div>\n\t\t<\/div>\n\t\t\t\t\t<\/div>\n\t\t<\/section>\n\t\t\t\t<section class=\"elementor-section elementor-top-section elementor-element elementor-element-2857641 elementor-section-boxed elementor-section-height-default elementor-section-height-default\" data-id=\"2857641\" data-element_type=\"section\" data-e-type=\"section\" data-settings='{\"_ha_eqh_enable\":false}'>\n\t\t\t\t\t\t<div class=\"elementor-container elementor-column-gap-default\">\n\t\t\t\t\t<div class=\"elementor-column elementor-col-100 elementor-top-column elementor-element elementor-element-2cab79d\" data-id=\"2cab79d\" data-element_type=\"column\" data-e-type=\"column\">\n\t\t\t<div class=\"elementor-widget-wrap elementor-element-populated\">\n\t\t\t\t\t\t<div class=\"elementor-element elementor-element-6306b4c elementor-grid-3 elementor-grid-tablet-2 elementor-grid-mobile-1 elementor-posts--thumbnail-top elementor-card-shadow-yes elementor-posts__hover-gradient elementor-widget elementor-widget-posts\" data-id=\"6306b4c\" data-element_type=\"widget\" data-e-type=\"widget\" data-settings='{\"cards_columns\":\"3\",\"cards_columns_tablet\":\"2\",\"cards_columns_mobile\":\"1\",\"cards_row_gap\":{\"unit\":\"px\",\"size\":35,\"sizes\":[]},\"cards_row_gap_tablet\":{\"unit\":\"px\",\"size\":\"\",\"sizes\":[]},\"cards_row_gap_mobile\":{\"unit\":\"px\",\"size\":\"\",\"sizes\":[]}}' data-widget_type=\"posts.cards\">\n\t\t\t\t<div class=\"elementor-widget-container\">\n\t\t\t\t\t\t\t<div class=\"elementor-posts-container elementor-posts elementor-posts--skin-cards elementor-grid\" role=\"list\">\n\t\t\t\t<article class=\"elementor-post elementor-grid-item post-11539 post type-post status-publish format-standard has-post-thumbnail hentry category-museu\" role=\"listitem\">\n\t\t\t<div class=\"elementor-post__card\">\n\t\t\t\t<a class=\"elementor-post__thumbnail__link\" href=\"https:\/\/laterale-residences.com\/pt-pt\/a-cidade-do-comboio\/\" tabindex=\"-1\"><div class=\"elementor-post__thumbnail\"><img fetchpriority=\"high\" decoding=\"async\" width=\"768\" height=\"367\" src=\"https:\/\/laterale-residences.com\/wp-content\/uploads\/2022\/05\/Laterale-Residences-Mulhouse-Cite-du-Train-014-Les-Quais-de-lHistoire-Cite-du-Train-Patrimoine-SNCF-768x367.png\" class=\"attachment-medium_large size-medium_large wp-image-11419\" alt=\"\" srcset=\"https:\/\/laterale-residences.com\/wp-content\/uploads\/2022\/05\/Laterale-Residences-Mulhouse-Cite-du-Train-014-Les-Quais-de-lHistoire-Cite-du-Train-Patrimoine-SNCF-768x367.png 768w, https:\/\/laterale-residences.com\/wp-content\/uploads\/2022\/05\/Laterale-Residences-Mulhouse-Cite-du-Train-014-Les-Quais-de-lHistoire-Cite-du-Train-Patrimoine-SNCF-300x143.png 300w, https:\/\/laterale-residences.com\/wp-content\/uploads\/2022\/05\/Laterale-Residences-Mulhouse-Cite-du-Train-014-Les-Quais-de-lHistoire-Cite-du-Train-Patrimoine-SNCF-1024x490.png 1024w, https:\/\/laterale-residences.com\/wp-content\/uploads\/2022\/05\/Laterale-Residences-Mulhouse-Cite-du-Train-014-Les-Quais-de-lHistoire-Cite-du-Train-Patrimoine-SNCF-1536x734.png 1536w, https:\/\/laterale-residences.com\/wp-content\/uploads\/2022\/05\/Laterale-Residences-Mulhouse-Cite-du-Train-014-Les-Quais-de-lHistoire-Cite-du-Train-Patrimoine-SNCF-2048x979.png 2048w\" sizes=\"(max-width: 768px) 100vw, 768px\"><\/div><\/a>\n\t\t\t\t<div class=\"elementor-post__badge\">Museu<\/div>\n\t\t\t\t<div class=\"elementor-post__text\">\n\t\t\t\t<h3 class=\"elementor-post__title\">\n\t\t\t<a href=\"https:\/\/laterale-residences.com\/pt-pt\/a-cidade-do-comboio\/\">\n\t\t\t\tA Cidade do Comboio\t\t\t<\/a>\n\t\t<\/h3>\n\t\t\t\t<div class=\"elementor-post__excerpt\">\n\t\t\t<p>Mulhouse \u2013 A Cidade do Comboio (Museu Ferrovi\u00e1rio)<br>\nA cidade do comboio, anteriormente chamado Museu da Ferrovia, est\u00e1 localizada em Mulhouse. Este museu abriga, em dois grandes sal\u00f5es, uma cole\u00e7\u00e3o muito bonita dedicada \u00e0 hist\u00f3ria da ferrovia. Poder\u00e1 descobrir locomotivas e carro\u00e7as dos s\u00e9culos XIX e XX, soberbamente encenadas.<br>\nUm cl\u00e1ssico para descobrir, acess\u00edvel a todos os p\u00fablicos, simplesmente curioso ou apaixonado por locos antigos.<\/p>\n\t\t<\/div>\n\t\t\t\t<\/div>\n\t\t\t\t\t<\/div>\n\t\t<\/article>\n\t\t\t\t<article class=\"elementor-post elementor-grid-item post-14024 post type-post status-publish format-standard has-post-thumbnail hentry category-museu\" role=\"listitem\">\n\t\t\t<div class=\"elementor-post__card\">\n\t\t\t\t<a class=\"elementor-post__thumbnail__link\" href=\"https:\/\/laterale-residences.com\/pt-pt\/museu-nacional-do-automovel\/\" tabindex=\"-1\"><div class=\"elementor-post__thumbnail\"><img decoding=\"async\" width=\"768\" height=\"420\" src=\"https:\/\/laterale-residences.com\/wp-content\/uploads\/2022\/06\/Bugatti-Roayale-01-768x420.png\" class=\"attachment-medium_large size-medium_large wp-image-14033\" alt=\"\" srcset=\"https:\/\/laterale-residences.com\/wp-content\/uploads\/2022\/06\/Bugatti-Roayale-01-768x420.png 768w, https:\/\/laterale-residences.com\/wp-content\/uploads\/2022\/06\/Bugatti-Roayale-01-300x164.png 300w, https:\/\/laterale-residences.com\/wp-content\/uploads\/2022\/06\/Bugatti-Roayale-01-1024x560.png 1024w, https:\/\/laterale-residences.com\/wp-content\/uploads\/2022\/06\/Bugatti-Roayale-01.png 1042w\" sizes=\"(max-width: 768px) 100vw, 768px\"><\/div><\/a>\n\t\t\t\t<div class=\"elementor-post__badge\">Museu<\/div>\n\t\t\t\t<div class=\"elementor-post__text\">\n\t\t\t\t<h3 class=\"elementor-post__title\">\n\t\t\t<a href=\"https:\/\/laterale-residences.com\/pt-pt\/museu-nacional-do-automovel\/\">\n\t\t\t\tMuseu Nacional do Autom\u00f3vel\t\t\t<\/a>\n\t\t<\/h3>\n\t\t\t\t<div class=\"elementor-post__excerpt\">\n\t\t\t<p>O Museu Nacional do Autom\u00f3vel abriga a mais bela cole\u00e7\u00e3o autom\u00f3vel do mundo com mais de 500 carros excecionais. A famosa cole\u00e7\u00e3o Schlumpf dos irm\u00e3os Schlumpf (560 carros de 98 marcas diferentes, pioneiras na hist\u00f3ria do autom\u00f3vel, constru\u00edda entre 1878 e 1918, incluindo 430 classificados como monumentos hist\u00f3ricos, o maior conjunto de autom\u00f3veis com uma impressionante cole\u00e7\u00e3o de 14 Rolls Royces, e a maior cole\u00e7\u00e3o bugatti (mais de 120) do mundo. O museu, alojado numa antiga f\u00e1brica de fia\u00e7\u00e3o t\u00eaxtil datada de 1880, cobre mais de 20.000 m2.<\/p>\n\t\t<\/div>\n\t\t\t\t<\/div>\n\t\t\t\t\t<\/div>\n\t\t<\/article>\n\t\t\t\t<\/div>\n\t\t\n\t\t\t\t\t\t<\/div>\n\t\t\t\t<\/div>\n\t\t\t\t\t<\/div>\n\t\t<\/div>\n\t\t\t\t\t<\/div>\n\t\t<\/section>\n\t\t\t\t<\/div>\n\t\t","protected":false},"excerpt":{"rendered":"<p>Museus\u2193<\/p>\n","protected":false},"author":1,"featured_media":0,"parent":6046,"menu_order":0,"comment_status":"closed","ping_status":"closed","template":"elementor_header_footer","meta":{"_acf_changed":false,"footnotes":""},"class_list":["post-11564","page","type-page","status-publish","hentry"],"acf":[],"yoast_head":"<!-- This site is optimized with the Yoast SEO Premium plugin v21.7 (Yoast SEO v27.4) - https:\/\/yoast.com\/product\/yoast-seo-premium-wordpress\/ -->\n<title>Museus - Laterale Residences<\/title>\n<meta name=\"robots\" content=\"index, follow, max-snippet:-1, max-image-preview:large, max-video-preview:-1\" \/>\n<link rel=\"canonical\" href=\"https:\/\/laterale-residences.com\/pt-pt\/o-que-fazer\/atividades-cloned-141\/\" \/>\n<meta property=\"og:locale\" content=\"pt_PT\" \/>\n<meta property=\"og:type\" content=\"article\" \/>\n<meta property=\"og:title\" content=\"Museus\" \/>\n<meta property=\"og:description\" content=\"Museus\u2193\" \/>\n<meta property=\"og:url\" content=\"https:\/\/laterale-residences.com\/pt-pt\/o-que-fazer\/atividades-cloned-141\/\" \/>\n<meta property=\"og:site_name\" content=\"Laterale Residences\" \/>\n<meta property=\"article:modified_time\" content=\"2022-06-24T14:05:03+00:00\" \/>\n<meta name=\"twitter:card\" content=\"summary_large_image\" \/>\n<script type=\"application\/ld+json\" class=\"yoast-schema-graph\">{\"@context\":\"https:\\\/\\\/schema.org\",\"@graph\":[{\"@type\":\"WebPage\",\"@id\":\"https:\\\/\\\/laterale-residences.com\\\/pt-pt\\\/o-que-fazer\\\/atividades-cloned-141\\\/\",\"url\":\"https:\\\/\\\/laterale-residences.com\\\/pt-pt\\\/o-que-fazer\\\/atividades-cloned-141\\\/\",\"name\":\"Museus - Laterale Residences\",\"isPartOf\":{\"@id\":\"https:\\\/\\\/laterale-residences.com\\\/pt-pt\\\/#website\"},\"datePublished\":\"2022-05-10T08:24:11+00:00\",\"dateModified\":\"2022-06-24T14:05:03+00:00\",\"breadcrumb\":{\"@id\":\"https:\\\/\\\/laterale-residences.com\\\/pt-pt\\\/o-que-fazer\\\/atividades-cloned-141\\\/#breadcrumb\"},\"inLanguage\":\"pt-PT\",\"potentialAction\":[{\"@type\":\"ReadAction\",\"target\":[\"https:\\\/\\\/laterale-residences.com\\\/pt-pt\\\/o-que-fazer\\\/atividades-cloned-141\\\/\"]}]},{\"@type\":\"BreadcrumbList\",\"@id\":\"https:\\\/\\\/laterale-residences.com\\\/pt-pt\\\/o-que-fazer\\\/atividades-cloned-141\\\/#breadcrumb\",\"itemListElement\":[{\"@type\":\"ListItem\",\"position\":1,\"name\":\"Accueil\",\"item\":\"https:\\\/\\\/laterale-residences.com\\\/pt-pt\\\/rececao\\\/\"},{\"@type\":\"ListItem\",\"position\":2,\"name\":\"O que fazer\",\"item\":\"https:\\\/\\\/laterale-residences.com\\\/pt-pt\\\/o-que-fazer\\\/\"},{\"@type\":\"ListItem\",\"position\":3,\"name\":\"Museus\"}]},{\"@type\":\"WebSite\",\"@id\":\"https:\\\/\\\/laterale-residences.com\\\/pt-pt\\\/#website\",\"url\":\"https:\\\/\\\/laterale-residences.com\\\/pt-pt\\\/\",\"name\":\"Laterale Residences\",\"description\":\"Appartements Vacances Riquewihr sur la route des vins d&#039;Alsace\",\"publisher\":{\"@id\":\"https:\\\/\\\/laterale-residences.com\\\/pt-pt\\\/#organization\"},\"potentialAction\":[{\"@type\":\"SearchAction\",\"target\":{\"@type\":\"EntryPoint\",\"urlTemplate\":\"https:\\\/\\\/laterale-residences.com\\\/pt-pt\\\/?s={search_term_string}\"},\"query-input\":{\"@type\":\"PropertyValueSpecification\",\"valueRequired\":true,\"valueName\":\"search_term_string\"}}],\"inLanguage\":\"pt-PT\"},{\"@type\":\"Organization\",\"@id\":\"https:\\\/\\\/laterale-residences.com\\\/pt-pt\\\/#organization\",\"name\":\"Laterale Residences\",\"url\":\"https:\\\/\\\/laterale-residences.com\\\/pt-pt\\\/\",\"logo\":{\"@type\":\"ImageObject\",\"inLanguage\":\"pt-PT\",\"@id\":\"https:\\\/\\\/laterale-residences.com\\\/pt-pt\\\/#\\\/schema\\\/logo\\\/image\\\/\",\"url\":\"https:\\\/\\\/laterale-residences.com\\\/wp-content\\\/uploads\\\/2021\\\/07\\\/logo_laterale_residences_etoiles.png\",\"contentUrl\":\"https:\\\/\\\/laterale-residences.com\\\/wp-content\\\/uploads\\\/2021\\\/07\\\/logo_laterale_residences_etoiles.png\",\"width\":600,\"height\":600,\"caption\":\"Laterale Residences\"},\"image\":{\"@id\":\"https:\\\/\\\/laterale-residences.com\\\/pt-pt\\\/#\\\/schema\\\/logo\\\/image\\\/\"}}]}<\/script>\n<!-- \/ Yoast SEO Premium plugin. -->","yoast_head_json":{"title":"Museus - Laterale Residences","robots":{"index":"index","follow":"follow","max-snippet":"max-snippet:-1","max-image-preview":"max-image-preview:large","max-video-preview":"max-video-preview:-1"},"canonical":"https:\/\/laterale-residences.com\/pt-pt\/o-que-fazer\/atividades-cloned-141\/","og_locale":"pt_PT","og_type":"article","og_title":"Museus","og_description":"Museus\u2193","og_url":"https:\/\/laterale-residences.com\/pt-pt\/o-que-fazer\/atividades-cloned-141\/","og_site_name":"Laterale Residences","article_modified_time":"2022-06-24T14:05:03+00:00","twitter_card":"summary_large_image","schema":{"@context":"https:\/\/schema.org","@graph":[{"@type":"WebPage","@id":"https:\/\/laterale-residences.com\/pt-pt\/o-que-fazer\/atividades-cloned-141\/","url":"https:\/\/laterale-residences.com\/pt-pt\/o-que-fazer\/atividades-cloned-141\/","name":"Museus - Laterale Residences","isPartOf":{"@id":"https:\/\/laterale-residences.com\/pt-pt\/#website"},"datePublished":"2022-05-10T08:24:11+00:00","dateModified":"2022-06-24T14:05:03+00:00","breadcrumb":{"@id":"https:\/\/laterale-residences.com\/pt-pt\/o-que-fazer\/atividades-cloned-141\/#breadcrumb"},"inLanguage":"pt-PT","potentialAction":[{"@type":"ReadAction","target":["https:\/\/laterale-residences.com\/pt-pt\/o-que-fazer\/atividades-cloned-141\/"]}]},{"@type":"BreadcrumbList","@id":"https:\/\/laterale-residences.com\/pt-pt\/o-que-fazer\/atividades-cloned-141\/#breadcrumb","itemListElement":[{"@type":"ListItem","position":1,"name":"Accueil","item":"https:\/\/laterale-residences.com\/pt-pt\/rececao\/"},{"@type":"ListItem","position":2,"name":"O que fazer","item":"https:\/\/laterale-residences.com\/pt-pt\/o-que-fazer\/"},{"@type":"ListItem","position":3,"name":"Museus"}]},{"@type":"WebSite","@id":"https:\/\/laterale-residences.com\/pt-pt\/#website","url":"https:\/\/laterale-residences.com\/pt-pt\/","name":"Laterale Residences","description":"Appartements Vacances Riquewihr sur la route des vins d&#039;Alsace","publisher":{"@id":"https:\/\/laterale-residences.com\/pt-pt\/#organization"},"potentialAction":[{"@type":"SearchAction","target":{"@type":"EntryPoint","urlTemplate":"https:\/\/laterale-residences.com\/pt-pt\/?s={search_term_string}"},"query-input":{"@type":"PropertyValueSpecification","valueRequired":true,"valueName":"search_term_string"}}],"inLanguage":"pt-PT"},{"@type":"Organization","@id":"https:\/\/laterale-residences.com\/pt-pt\/#organization","name":"Laterale Residences","url":"https:\/\/laterale-residences.com\/pt-pt\/","logo":{"@type":"ImageObject","inLanguage":"pt-PT","@id":"https:\/\/laterale-residences.com\/pt-pt\/#\/schema\/logo\/image\/","url":"https:\/\/laterale-residences.com\/wp-content\/uploads\/2021\/07\/logo_laterale_residences_etoiles.png","contentUrl":"https:\/\/laterale-residences.com\/wp-content\/uploads\/2021\/07\/logo_laterale_residences_etoiles.png","width":600,"height":600,"caption":"Laterale Residences"},"image":{"@id":"https:\/\/laterale-residences.com\/pt-pt\/#\/schema\/logo\/image\/"}}]}},"_links":{"self":[{"href":"https:\/\/laterale-residences.com\/pt-pt\/wp-json\/wp\/v2\/pages\/11564","targetHints":{"allow":["GET"]}}],"collection":[{"href":"https:\/\/laterale-residences.com\/pt-pt\/wp-json\/wp\/v2\/pages"}],"about":[{"href":"https:\/\/laterale-residences.com\/pt-pt\/wp-json\/wp\/v2\/types\/page"}],"author":[{"embeddable":true,"href":"https:\/\/laterale-residences.com\/pt-pt\/wp-json\/wp\/v2\/users\/1"}],"replies":[{"embeddable":true,"href":"https:\/\/laterale-residences.com\/pt-pt\/wp-json\/wp\/v2\/comments?post=11564"}],"version-history":[{"count":10,"href":"https:\/\/laterale-residences.com\/pt-pt\/wp-json\/wp\/v2\/pages\/11564\/revisions"}],"predecessor-version":[{"id":14773,"href":"https:\/\/laterale-residences.com\/pt-pt\/wp-json\/wp\/v2\/pages\/11564\/revisions\/14773"}],"up":[{"embeddable":true,"href":"https:\/\/laterale-residences.com\/pt-pt\/wp-json\/wp\/v2\/pages\/6046"}],"wp:attachment":[{"href":"https:\/\/laterale-residences.com\/pt-pt\/wp-json\/wp\/v2\/media?parent=11564"}],"curies":[{"name":"wp","href":"https:\/\/api.w.org\/{rel}","templated":true}]}}