{"id":12895,"date":"2022-04-24T19:57:03","date_gmt":"2022-04-24T17:57:03","guid":{"rendered":"https:\/\/laterale-residences.com\/informativa-sulla-privacy\/"},"modified":"2022-05-19T11:07:34","modified_gmt":"2022-05-19T09:07:34","slug":"informativa-sulla-privacy","status":"publish","type":"page","link":"https:\/\/laterale-residences.com\/it\/informativa-sulla-privacy\/","title":{"rendered":"Informativa sulla privacy"},"content":{"rendered":"<section class=\"elementor-section elementor-top-section elementor-element elementor-element-246967b elementor-section-boxed elementor-section-height-default elementor-section-height-default\" data-id=\"246967b\" data-element_type=\"section\" data-settings=\"\">\n<div class=\"elementor-container elementor-column-gap-default\">\n<div class=\"elementor-row\">\n<div class=\"elementor-column elementor-col-100 elementor-top-column elementor-element elementor-element-6f179d9\" data-id=\"6f179d9\" data-element_type=\"column\">\n<div class=\"elementor-column-wrap elementor-element-populated\">\n<div class=\"elementor-widget-wrap\">\n<div class=\"elementor-element elementor-element-de40592 elementor-widget elementor-widget-text-editor\" data-id=\"de40592\" data-element_type=\"widget\" data-widget_type=\"text-editor.default\">\n<div class=\"elementor-widget-container\">\n<div class=\"elementor-text-editor elementor-clearfix\">\n<p>Questa politica sulla privacy copre i servizi forniti da LATERALE RESIDENCES sul posto \u201chttps:\/\/laterale-residences.com\/ \u201c.<\/p>\n<h3><strong>LATERALE RESIDENCES<br>\n<\/strong><\/h3>\n<p>S\u00e0rl alla capitale di 400 000 euros<br>\nCR Colmar \u2013 France \u2013 SIREN 488 285 966<br>\nSede legale : 4 rue Lat\u00e9rale \u2013 68340 Riquewihr<br>\nE-mail: <a href=\"mailto:contact@laterale-residences.com\">contact@laterale-residences.com<\/a><\/p>\n<p>La presente Informativa sulla privacy fornisce dettagli su come trattiamo i dati personali in conformit\u00e0 con i nostri obblighi ai sensi del Regolamento generale sulla protezione dei dati (n. 2016\/679) (\u201cGDPR\u201d), del Data Protection Act Data 2018 e di qualsiasi altra legge a noi applicabile in relazione a il trattamento dei dati personali (collettivamente denominate \u201cNorme in materia di protezione dei dati\u201d). Nella presente Informativa sulla privacy, \u201ctitolare del trattamento\u201d, \u201cdati personali\u201d e \u201cprocesso\u201d (e suoi derivati) hanno il significato attribuito a tali termini nelle leggi sulla protezione dei dati.<\/p>\n<p>I dati personali generalmente indicano le informazioni che possono essere utilizzate per identificare individualmente una persona e il trattamento generalmente copre le azioni che possono essere eseguite in relazione ai dati come la raccolta, l\u2019uso, l\u2019archiviazione e la divulgazione. LATERALE RESIDENCES sar\u00e0 il titolare del trattamento dei tuoi dati personali trattati nell\u2019ambito dei nostri servizi.<br>\nLATERALE RESIDENCES e gli addetti che operano <strong>https:\/\/laterale-residences.com\/<\/strong> (\u201cDigital Attendant\u201d) sono contitolari del trattamento rispetto a tutti i dati personali.<\/p>\n<p>Lo scopo della presente Informativa sulla privacy \u00e8 spiegare le attivit\u00e0 di trattamento dei dati di LATERALE RESIDENCES , incluso come e perch\u00e9 trattiamo i dati personali. Inoltre, questa politica sulla privacy descrive i nostri doveri e responsabilit\u00e0 in merito alla protezione di tali dati personali. Il modo in cui gestiamo i dati personali cambier\u00e0 nel tempo e aggiorneremo questa politica di volta in volta per riflettere le pratiche mutevoli.<\/p>\n<p><strong>Dati personali che raccogliamo<\/strong><\/p>\n<p>Raccogliamo dati personali su di te quando ce li fornisci direttamente tramite https:\/\/laterale-residences.com\/ , quando terze parti ci forniscono dati personali su di te o quando dati personali su di te vengono raccolti automaticamente nell\u2019ambito del tuo utilizzo del sito https:\/\/laterale-residences.com\/ (il sitoweb\u201d).<br>\nLATERALE RESIDENCES non divulga i tuoi dati personali a terzi salvo quanto stabilito nella presente informativa sulla privacy.<\/p>\n<p>Nel fornire i nostri servizi, possiamo raccogliere ed elaborare le seguenti informazioni:<\/p>\n<p><strong>Dati personali raccolti direttamente da te<\/strong><\/p>\n<p>Riceviamo dati personali direttamente da te quando ce li fornisci utilizzando il sito https:\/\/laterale-residences.com\/ , utilizzando le funzionalit\u00e0 di https:\/\/laterale-residences.com\/ o creando un account su https:\/\/laterale-residences.com\/ , incluso ma non limitato a:<br>\n\u2013 Nome;<br>\n\u2013 Nome;<br>\n\u2013 Indirizzo e-mail;<br>\n\u2013 Nome struttura;<br>\n\u2013 Insegna commerciale;<br>\n\u2013 Recapito di lavoro;<br>\n\u2013 Numero di telefono;<br>\n\u2013 Nome utente;<br>\n\u2013 Informazioni per partecipare al programma https:\/\/laterale-residences.com\/<\/p>\n<p><strong>Dati personali raccolti da fonti di terze parti<br>\nDati personali raccolti automaticamente<\/strong><\/p>\n<p>Alcuni dati personali vengono raccolti automaticamente quando utilizzi un sito web partner o sulla piattaforma https:\/\/laterale-residences.com\/ , come:<br>\n\u2013 Indirizzo IP;<br>\n\u2013 identificatori del dispositivo;<br>\n\u2013 informazioni sul browser; e<br>\ndati sui cookie (come spiegato nella nostra politica sui cookie).<\/p>\n<p><strong>Come utilizziamo i dati personali<\/strong><\/p>\n<p>Elaboriamo i dati personali per operare, migliorare, comprendere e personalizzare i nostri servizi, ad es. utilizziamo i dati personali per:<br>\n\u2013 arricchire e completare le soluzioni presentate tramite la piattaforma https:\/\/laterale-residences.com\/ ;<br>\n\u2013 personalizzare i contenuti https:\/\/laterale-residences.com\/ in base alle tue preferenze e priorit\u00e0;<br>\n\u2013 comunicare con te;<br>\n\u2013 assistervi nelle diverse fasi del programma https:\/\/laterale-residences.com\/<br>\n\u2013 proteggere o scoraggiare azioni fraudolente, illegali o dannose;<br>\n\u2013 rispondere alle richieste degli utenti;<br>\n\u2013 fornire supporto e assistenza tramite https:\/\/laterale-residences.com\/ ;<br>\n\u2013 adempiere ai nostri obblighi legali o contrattuali;<br>\n\u2013 applicare i nostri termini e condizioni; e<br>\n\u2013 risolvere le controversie se necessario.<\/p>\n<p><strong>Base giuridica del trattamento<\/strong><\/p>\n<p><strong>Finalit\u00e0 del trattamento \u2013 Base giuridica ai sensi del GDPR<\/strong><br>\nPer scopi amministrativi<br>\nTale trattamento \u00e8 necessario per la corretta esecuzione del supporto tra voi e https:\/\/laterale-residences.com\/<\/p>\n<p><strong>Formazione, monitoraggio della qualit\u00e0 o valutazione dei servizi che forniamo<\/strong><br>\nTale trattamento \u00e8 necessario per i legittimi interessi che perseguiamo nel monitorare e migliorare i nostri servizi e il loro utilizzo e per garantirlo agli utenti Internet che utilizzano il sito web. https:\/\/laterale-residences.com\/ .<\/p>\n<p><strong>Servizi del sito Web, anche per la risoluzione dei problemi, l\u2019analisi dei dati e l\u2019indagine.<\/strong><br>\nAbbiamo un legittimo interesse a gestire e mantenere il sito Web e le relative finalit\u00e0, incluso il miglioramento dei nostri servizi.<br>\nInformazioni statistiche che non possono essere collegate a individui per aiutarci a migliorare i servizi che offriamo.<br>\nAbbiamo un legittimo interesse a svolgere determinate analisi per garantire che i servizi che forniamo ai Ristoranti siano efficienti e funzionino correttamente.<\/p>\n<p><strong>Far rispettare e difendere i nostri diritti<\/strong><br>\nAbbiamo un legittimo interesse a garantire che i nostri servizi e il sito web https:\/\/laterale-residences.com\/ vengono utilizzati in conformit\u00e0 con i nostri termini di utilizzo e le nostre politiche.<\/p>\n<p><strong>Ove necessario per adempiere ai nostri obblighi legali.<\/strong><br>\nQuando necessario per stabilire, esercitare o difendere un\u2019azione legale, un\u2019eventuale pretesa legale, un procedimento giudiziario o un eventuale procedimento giudiziario.<\/p>\n<p><strong>Diritti individuali degli interessati<\/strong><\/p>\n<p>Le leggi sulla protezione dei dati conferiscono determinati diritti a favore degli interessati (\u201cdiritti degli interessati\u201d).<\/p>\n<p><strong>I diritti dell\u2019interessato includono il diritto dell\u2019interessato a:<\/strong><br>\n\u2013 ricevere informazioni dettagliate sul trattamento (in ottemperanza agli obblighi di trasparenza dei titolari del trattamento) che abbiamo fornito attraverso la presente privacy policy;<br>\n\u2013 accedere ai dati personali;<br>\n\u2013 rettificare o cancellare i dati personali (i.e. diritto all\u2019oblio);<br>\n\u2013 limitare il trattamento;<br>\n\u2013 limitare la portabilit\u00e0 dei dati<br>\n\u2013 opporsi al trattamento; e<br>\n\u2013 opporsi al processo decisionale automatizzato (compresa la profilazione).<\/p>\n<p>Questi diritti dell\u2019interessato possono essere esercitati da te soggetti alle limitazioni previste dalle leggi sulla protezione dei dati.<\/p>\n<p>Se hai bisogno di maggiori informazioni su come https:\/\/laterale-residences.com\/ sta elaborando i tuoi dati personali o se desideri esercitare uno qualsiasi dei tuoi diritti di interessato in relazione al trattamento dei tuoi dati personali da parte di https:\/\/laterale-residences.com\/, puoi contattare direttamente https:\/\/laterale-residences.com\/ all\u2019indirizzo: : <a href=\"mailto:contact@laterale-residences.com\">contact@laterale-residences.com<\/a> o tramite i numeri di telefono sul sito web.<\/p>\n<p>In relazione al trattamento dei Suoi dati personali da parte diLATERALE RESIDENCES , puoi modificare le tue impostazioni sulla privacy attraverso il portale https:\/\/laterale-residences.com\/ . Puoi anche contattarci o fare una richiesta per esercitare eventuali diritti sui dati contattando: <a href=\"mailto:contact@laterale-residences.com\">contact@laterale-residences.com<\/a> . La tua richiesta sar\u00e0 gestita in conformit\u00e0 con le leggi sulla protezione dei dati.<\/p>\n<p><strong>Divulgazione delle tue informazioni<\/strong><\/p>\n<p>Non condividiamo alcun dato di identificazione personale con terze parti e non divulgheremo i tuoi dati personali a nessun\u2019altra parte salvo quanto stabilito in questa politica. LATERALE RESIDENCES potrebbe essere necessario divulgare i dati personali in determinati scenari, ad esempio quando si violano i nostri termini e condizioni o altre politiche. LATERALE RESIDENCES pu\u00f2 divulgare tali dati personali, a nostra esclusiva discrezione, se lo riteniamo necessario o appropriato in relazione a indagini su frode, violazione della propriet\u00e0 intellettuale, pirateria informatica o altre attivit\u00e0 illegali. Ci\u00f2 potrebbe richiedere la divulgazione del tuo nome, indirizzo, numero di telefono o e-mail.<\/p>\n<p>LATERALE RESIDENCES potrebbe incaricare altre societ\u00e0 e individui di svolgere attivit\u00e0 per nostro conto e potrebbe dover condividere le tue informazioni con loro per fornirti i nostri servizi.<\/p>\n<p>In alcuni casi,LATERALE RESIDENCES pu\u00f2 acquistare o vendere i propri beni, il che pu\u00f2 comportare il trasferimento di informazioni sull\u2019utente.LATERALE RESIDENCES trasferiremo queste informazioni se veniamo acquisiti o fusi con un\u2019altra societ\u00e0. In questo caso, ti avviseremo via e-mail.<\/p>\n<p>Senza limitare quanto sopra, nel tentativo di rispettare la tua privacy e la tua capacit\u00e0 di farlo LATERALE RESIDENCES Per mantenere la comunit\u00e0 al sicuro da malintenzionati, non divulgheremo altrimenti i tuoi dati personali alle forze dell\u2019ordine, ad altri funzionari governativi o ad altre terze parti senza un\u2019ordinanza del tribunale o legge. applicazione, procedimenti legali o procedimenti legali sostanzialmente simili, salvo quando riteniamo in buona fede che la divulgazione di informazioni sia necessaria per proteggere i diritti di LATERALE RESIDENCES o i diritti di terzi, per prevenire danni fisici o perdite finanziarie, o per segnalare sospette attivit\u00e0 illegali.<\/p>\n<p><strong>Diritti individuali degli interessati<\/strong><\/p>\n<p>Le leggi sulla protezione dei dati conferiscono determinati diritti a favore degli interessati (\u201cdiritti degli interessati\u201d).<\/p>\n<p><strong>I diritti dell\u2019interessato includono il diritto dell\u2019interessato a:<\/strong><\/p>\n<p>ricevere informazioni dettagliate sul trattamento (in ottemperanza agli obblighi di trasparenza dei titolari del trattamento) che abbiamo fornito attraverso la presente privacy policy;<br>\naccedere ai dati personali;<br>\nrettificare o cancellare i dati personali (i.e. diritto all\u2019oblio);<br>\nlimitare il trattamento;<br>\nportabilit\u00e0 dei dati<br>\nopporsi al trattamento; e<br>\nopporsi al processo decisionale automatizzato (compresa la profilazione).<\/p>\n<p>Questi diritti dell\u2019interessato possono essere esercitati da te soggetti alle limitazioni previste dalle leggi sulla protezione dei dati.<\/p>\n<p>Se hai bisogno di maggiori informazioni su come https:\/\/laterale-residences.com\/ r sta elaborando i tuoi dati personali o se desideri esercitare uno qualsiasi dei tuoi diritti di interessato in relazione al trattamento dei tuoi dati personali da parte di https:\/\/laterale-residences.com\/ , puoi contattare direttamentehttps:\/\/laterale-residences.com\/ all\u2019indirizzo:: <a href=\"mailto:contact@laterale-residences.com\">contact@laterale-residences.com<\/a> .<\/p>\n<p>In relazione al trattamento dei Suoi dati personali da parte di LATERALE RESIDENCES , puoi modificare le tue impostazioni sulla privacy tramitehttps:\/\/laterale-residences.com\/ . Puoi anche contattarci o fare una richiesta per esercitare eventuali diritti sui dati contattando: <a href=\"mailto:contact@laterale-residences.com\">contact@laterale-residences.com<\/a>. La tua richiesta sar\u00e0 gestita in conformit\u00e0 con le leggi sulla protezione dei dati.<\/p>\n<p><strong>Dati personali ottenuti da https:\/\/laterale-residences.com\/ <\/strong><\/p>\n<p>Come parte del processo del programma di coaching, un coach digitale pu\u00f2 ottenere LATERALE RESIDENCES nome utente, indirizzo e-mail, numero di telefono o altre informazioni. Queste informazioni devono essere utilizzate solo per comunicazioni relative a https:\/\/laterale-residences.com\/ o per operazioni agevolate da LATERALE RESIDENCES .<\/p>\n<p>Laddove gli utenti acconsentano al marketing diretto, il consenso dell\u2019utente viene fornito direttamente dahttps:\/\/laterale-residences.com\/ .LATERALE RESIDENCES , in qualit\u00e0 di responsabile del trattamento, pu\u00f2 aiutare https:\/\/laterale-residences.com\/ gestire le preferenze di consenso dell\u2019utente. Gli utenti possono annullare l\u2019iscrizione al marketing diretto tramite il collegamento di annullamento dell\u2019iscrizione incluso in tutte le comunicazioni di marketing.LATERALE RESIDENCES funge anche da processore quando assiste https:\/\/laterale-residences.com\/ gestire analisi di dati generici, non individualizzati e non personali.<\/p>\n<p><strong>Conservazione dei dati<\/strong><\/p>\n<p>Conserveremo i dati personali solo fino a quando la conservazione di tali dati personali sar\u00e0 ritenuta necessaria per gli scopi per i quali tali dati personali vengono elaborati (come descritto nella presente informativa sulla privacy), a meno che non siamo obbligati a conservare i dati dell\u2019utente. personale per un periodo pi\u00f9 lungo. (ad esempio in caso di procedimenti giudiziari o indagini).<\/p>\n<p><strong>Collegamenti di terze parti<\/strong><\/p>\n<p>Occasionalmente includiamo collegamenti a terze parti sul sito Web https:\/\/laterale-residences.com\/ . Laddove forniamo un collegamento, ci\u00f2 non significa che abbiamo alcun controllo sul sito Web collegato o sulla sua politica sulla privacy o che approviamo o approviamo la politica sulla privacy dei visitatori di quel sito Web. \u00c8 necessario rivedere la politica sulla privacy del sito Web collegato prima di inviare loro dati personali.<\/p>\n<p><strong>Annunci e modifiche relativi al servizio<\/strong><\/p>\n<p>Eventuali modifiche alla presente Informativa sulla privacy in futuro saranno pubblicate sul sito Web e, se del caso, tramite notifica via e-mail.LATERALE RESIDENCES potrebbe inviarti annunci relativi al servizio https:\/\/laterale-residences.com\/ .<br>\nNon puoi rinunciare alle comunicazioni relative al servizio.<\/p>\n<p><strong>Contattaci<\/strong><\/p>\n<p>Per ulteriori informazioni sulla presente informativa sulla privacy o sul trattamento dei dati personali da parte di o per conto di LATERALE RESIDENCES , per favore contattaci a: <a href=\"mailto:contact@laterale-residences.com\">contact@laterale-residences.com<\/a> .<\/p>\n<p>Sebbene tu possa presentare un reclamo sulla conformit\u00e0 entroLATERALE RESIDENCES leggi sulla protezione dei dati con la Commissione per la protezione dei dati, ti chiediamo di contattarci in primo luogo per darci l\u2019opportunit\u00e0 di affrontare le tue preoccupazioni.<\/p>\n<p>Ultimo aggiornamento: <strong>12 novembre 2021<\/strong> .<\/p>\n<p><strong>\u00a9 2022<\/strong>LATERALE RESIDENCES <strong>.<\/strong> <strong>Tutti i diritti riservati.<\/strong><\/p>\n<\/div>\n<\/div>\n<\/div>\n<\/div>\n<\/div>\n<\/div>\n<\/div>\n<\/div>\n<\/section>\n","protected":false},"excerpt":{"rendered":"<p>Questa politica sulla privacy copre i servizi forniti da LATERALE RESIDENCES sul posto \u201chttps:\/\/laterale-residences.com\/ \u201c. LATERALE RESIDENCES S\u00e0rl alla capitale di 400 000 euros CR Colmar \u2013 France \u2013 SIREN 488 285 966 Sede legale : 4 rue Lat\u00e9rale \u2013 68340 Riquewihr E-mail: contact@laterale-residences.com La presente Informativa sulla privacy fornisce dettagli su come trattiamo i [&hellip;]<\/p>\n","protected":false},"author":1,"featured_media":0,"parent":0,"menu_order":0,"comment_status":"closed","ping_status":"closed","template":"","meta":{"_acf_changed":false,"footnotes":""},"class_list":["post-12895","page","type-page","status-publish","hentry"],"acf":[],"yoast_head":"<!-- This site is optimized with the Yoast SEO Premium plugin v21.7 (Yoast SEO v27.4) - https:\/\/yoast.com\/product\/yoast-seo-premium-wordpress\/ -->\n<title>Informativa sulla privacy - Laterale Residences<\/title>\n<meta name=\"robots\" content=\"index, follow, max-snippet:-1, max-image-preview:large, max-video-preview:-1\" \/>\n<link rel=\"canonical\" href=\"https:\/\/laterale-residences.com\/it\/informativa-sulla-privacy\/\" \/>\n<meta property=\"og:locale\" content=\"it_IT\" \/>\n<meta property=\"og:type\" content=\"article\" \/>\n<meta property=\"og:title\" content=\"Informativa sulla privacy\" \/>\n<meta property=\"og:description\" content=\"Questa politica sulla privacy copre i servizi forniti da LATERALE RESIDENCES sul posto \u201chttps:\/\/laterale-residences.com\/ \u201c. LATERALE RESIDENCES S\u00e0rl alla capitale di 400 000 euros CR Colmar \u2013 France \u2013 SIREN 488 285 966 Sede legale : 4 rue Lat\u00e9rale \u2013 68340 Riquewihr E-mail: contact@laterale-residences.com La presente Informativa sulla privacy fornisce dettagli su come trattiamo i [&hellip;]\" \/>\n<meta property=\"og:url\" content=\"https:\/\/laterale-residences.com\/it\/informativa-sulla-privacy\/\" \/>\n<meta property=\"og:site_name\" content=\"Laterale Residences\" \/>\n<meta property=\"article:modified_time\" content=\"2022-05-19T09:07:34+00:00\" \/>\n<meta name=\"twitter:card\" content=\"summary_large_image\" \/>\n<meta name=\"twitter:label1\" content=\"Tempo di lettura stimato\" \/>\n\t<meta name=\"twitter:data1\" content=\"9 minuti\" \/>\n<script type=\"application\/ld+json\" class=\"yoast-schema-graph\">{\"@context\":\"https:\\\/\\\/schema.org\",\"@graph\":[{\"@type\":\"WebPage\",\"@id\":\"https:\\\/\\\/laterale-residences.com\\\/it\\\/informativa-sulla-privacy\\\/\",\"url\":\"https:\\\/\\\/laterale-residences.com\\\/it\\\/informativa-sulla-privacy\\\/\",\"name\":\"Informativa sulla privacy - Laterale Residences\",\"isPartOf\":{\"@id\":\"https:\\\/\\\/laterale-residences.com\\\/it\\\/#website\"},\"datePublished\":\"2022-04-24T17:57:03+00:00\",\"dateModified\":\"2022-05-19T09:07:34+00:00\",\"breadcrumb\":{\"@id\":\"https:\\\/\\\/laterale-residences.com\\\/it\\\/informativa-sulla-privacy\\\/#breadcrumb\"},\"inLanguage\":\"it-IT\",\"potentialAction\":[{\"@type\":\"ReadAction\",\"target\":[\"https:\\\/\\\/laterale-residences.com\\\/it\\\/informativa-sulla-privacy\\\/\"]}]},{\"@type\":\"BreadcrumbList\",\"@id\":\"https:\\\/\\\/laterale-residences.com\\\/it\\\/informativa-sulla-privacy\\\/#breadcrumb\",\"itemListElement\":[{\"@type\":\"ListItem\",\"position\":1,\"name\":\"Accueil\",\"item\":\"https:\\\/\\\/laterale-residences.com\\\/it\\\/accoglienza\\\/\"},{\"@type\":\"ListItem\",\"position\":2,\"name\":\"Informativa sulla privacy\"}]},{\"@type\":\"WebSite\",\"@id\":\"https:\\\/\\\/laterale-residences.com\\\/it\\\/#website\",\"url\":\"https:\\\/\\\/laterale-residences.com\\\/it\\\/\",\"name\":\"Laterale Residences\",\"description\":\"Appartements Vacances Riquewihr sur la route des vins d&#039;Alsace\",\"publisher\":{\"@id\":\"https:\\\/\\\/laterale-residences.com\\\/it\\\/#organization\"},\"potentialAction\":[{\"@type\":\"SearchAction\",\"target\":{\"@type\":\"EntryPoint\",\"urlTemplate\":\"https:\\\/\\\/laterale-residences.com\\\/it\\\/?s={search_term_string}\"},\"query-input\":{\"@type\":\"PropertyValueSpecification\",\"valueRequired\":true,\"valueName\":\"search_term_string\"}}],\"inLanguage\":\"it-IT\"},{\"@type\":\"Organization\",\"@id\":\"https:\\\/\\\/laterale-residences.com\\\/it\\\/#organization\",\"name\":\"Laterale Residences\",\"url\":\"https:\\\/\\\/laterale-residences.com\\\/it\\\/\",\"logo\":{\"@type\":\"ImageObject\",\"inLanguage\":\"it-IT\",\"@id\":\"https:\\\/\\\/laterale-residences.com\\\/it\\\/#\\\/schema\\\/logo\\\/image\\\/\",\"url\":\"https:\\\/\\\/laterale-residences.com\\\/wp-content\\\/uploads\\\/2021\\\/07\\\/logo_laterale_residences_etoiles.png\",\"contentUrl\":\"https:\\\/\\\/laterale-residences.com\\\/wp-content\\\/uploads\\\/2021\\\/07\\\/logo_laterale_residences_etoiles.png\",\"width\":600,\"height\":600,\"caption\":\"Laterale Residences\"},\"image\":{\"@id\":\"https:\\\/\\\/laterale-residences.com\\\/it\\\/#\\\/schema\\\/logo\\\/image\\\/\"}}]}<\/script>\n<!-- \/ Yoast SEO Premium plugin. -->","yoast_head_json":{"title":"Informativa sulla privacy - Laterale Residences","robots":{"index":"index","follow":"follow","max-snippet":"max-snippet:-1","max-image-preview":"max-image-preview:large","max-video-preview":"max-video-preview:-1"},"canonical":"https:\/\/laterale-residences.com\/it\/informativa-sulla-privacy\/","og_locale":"it_IT","og_type":"article","og_title":"Informativa sulla privacy","og_description":"Questa politica sulla privacy copre i servizi forniti da LATERALE RESIDENCES sul posto \u201chttps:\/\/laterale-residences.com\/ \u201c. LATERALE RESIDENCES S\u00e0rl alla capitale di 400 000 euros CR Colmar \u2013 France \u2013 SIREN 488 285 966 Sede legale : 4 rue Lat\u00e9rale \u2013 68340 Riquewihr E-mail: contact@laterale-residences.com La presente Informativa sulla privacy fornisce dettagli su come trattiamo i [&hellip;]","og_url":"https:\/\/laterale-residences.com\/it\/informativa-sulla-privacy\/","og_site_name":"Laterale Residences","article_modified_time":"2022-05-19T09:07:34+00:00","twitter_card":"summary_large_image","twitter_misc":{"Tempo di lettura stimato":"9 minuti"},"schema":{"@context":"https:\/\/schema.org","@graph":[{"@type":"WebPage","@id":"https:\/\/laterale-residences.com\/it\/informativa-sulla-privacy\/","url":"https:\/\/laterale-residences.com\/it\/informativa-sulla-privacy\/","name":"Informativa sulla privacy - Laterale Residences","isPartOf":{"@id":"https:\/\/laterale-residences.com\/it\/#website"},"datePublished":"2022-04-24T17:57:03+00:00","dateModified":"2022-05-19T09:07:34+00:00","breadcrumb":{"@id":"https:\/\/laterale-residences.com\/it\/informativa-sulla-privacy\/#breadcrumb"},"inLanguage":"it-IT","potentialAction":[{"@type":"ReadAction","target":["https:\/\/laterale-residences.com\/it\/informativa-sulla-privacy\/"]}]},{"@type":"BreadcrumbList","@id":"https:\/\/laterale-residences.com\/it\/informativa-sulla-privacy\/#breadcrumb","itemListElement":[{"@type":"ListItem","position":1,"name":"Accueil","item":"https:\/\/laterale-residences.com\/it\/accoglienza\/"},{"@type":"ListItem","position":2,"name":"Informativa sulla privacy"}]},{"@type":"WebSite","@id":"https:\/\/laterale-residences.com\/it\/#website","url":"https:\/\/laterale-residences.com\/it\/","name":"Laterale Residences","description":"Appartements Vacances Riquewihr sur la route des vins d&#039;Alsace","publisher":{"@id":"https:\/\/laterale-residences.com\/it\/#organization"},"potentialAction":[{"@type":"SearchAction","target":{"@type":"EntryPoint","urlTemplate":"https:\/\/laterale-residences.com\/it\/?s={search_term_string}"},"query-input":{"@type":"PropertyValueSpecification","valueRequired":true,"valueName":"search_term_string"}}],"inLanguage":"it-IT"},{"@type":"Organization","@id":"https:\/\/laterale-residences.com\/it\/#organization","name":"Laterale Residences","url":"https:\/\/laterale-residences.com\/it\/","logo":{"@type":"ImageObject","inLanguage":"it-IT","@id":"https:\/\/laterale-residences.com\/it\/#\/schema\/logo\/image\/","url":"https:\/\/laterale-residences.com\/wp-content\/uploads\/2021\/07\/logo_laterale_residences_etoiles.png","contentUrl":"https:\/\/laterale-residences.com\/wp-content\/uploads\/2021\/07\/logo_laterale_residences_etoiles.png","width":600,"height":600,"caption":"Laterale Residences"},"image":{"@id":"https:\/\/laterale-residences.com\/it\/#\/schema\/logo\/image\/"}}]}},"_links":{"self":[{"href":"https:\/\/laterale-residences.com\/it\/wp-json\/wp\/v2\/pages\/12895","targetHints":{"allow":["GET"]}}],"collection":[{"href":"https:\/\/laterale-residences.com\/it\/wp-json\/wp\/v2\/pages"}],"about":[{"href":"https:\/\/laterale-residences.com\/it\/wp-json\/wp\/v2\/types\/page"}],"author":[{"embeddable":true,"href":"https:\/\/laterale-residences.com\/it\/wp-json\/wp\/v2\/users\/1"}],"replies":[{"embeddable":true,"href":"https:\/\/laterale-residences.com\/it\/wp-json\/wp\/v2\/comments?post=12895"}],"version-history":[{"count":1,"href":"https:\/\/laterale-residences.com\/it\/wp-json\/wp\/v2\/pages\/12895\/revisions"}],"predecessor-version":[{"id":13002,"href":"https:\/\/laterale-residences.com\/it\/wp-json\/wp\/v2\/pages\/12895\/revisions\/13002"}],"wp:attachment":[{"href":"https:\/\/laterale-residences.com\/it\/wp-json\/wp\/v2\/media?parent=12895"}],"curies":[{"name":"wp","href":"https:\/\/api.w.org\/{rel}","templated":true}]}}