{"id":17636,"date":"2023-08-29T13:58:21","date_gmt":"2023-08-29T11:58:21","guid":{"rendered":"https:\/\/laterale-residences.com\/la-residencia-cloned-122\/"},"modified":"2023-08-29T14:12:38","modified_gmt":"2023-08-29T12:12:38","slug":"la-residencia-cloned-122","status":"publish","type":"page","link":"https:\/\/laterale-residences.com\/es\/la-residencia-cloned-122\/","title":{"rendered":"V\u00eddeo"},"content":{"rendered":"\t\t<div data-elementor-type=\"wp-page\" data-elementor-id=\"17636\" class=\"elementor elementor-17636 elementor-17618\" data-elementor-settings='{\"ha_cmc_init_switcher\":\"no\"}' data-elementor-post-type=\"page\">\n\t\t\t\t\t\t<section class=\"elementor-section elementor-top-section elementor-element elementor-element-47ebeea elementor-section-full_width elementor-section-height-default elementor-section-height-default\" data-id=\"47ebeea\" data-element_type=\"section\" data-e-type=\"section\" data-settings='{\"_ha_eqh_enable\":false}'>\n\t\t\t\t\t\t<div class=\"elementor-container elementor-column-gap-default\">\n\t\t\t\t\t<div class=\"elementor-column elementor-col-100 elementor-top-column elementor-element elementor-element-30b8989\" data-id=\"30b8989\" data-element_type=\"column\" data-e-type=\"column\">\n\t\t\t<div class=\"elementor-widget-wrap elementor-element-populated\">\n\t\t\t\t\t\t<div class=\"elementor-element elementor-element-f5e6cf0 elementor--h-position-center elementor--v-position-middle elementor-arrows-position-inside elementor-pagination-position-inside elementor-widget elementor-widget-slides\" data-id=\"f5e6cf0\" data-element_type=\"widget\" data-e-type=\"widget\" data-settings='{\"transition\":\"fade\",\"navigation\":\"both\",\"autoplay\":\"yes\",\"pause_on_interaction\":\"yes\",\"autoplay_speed\":5000,\"infinite\":\"yes\",\"transition_speed\":500}' data-widget_type=\"slides.default\">\n\t\t\t\t\t\t\t\t\t\t<div class=\"elementor-slides-wrapper elementor-main-swiper swiper\" role=\"region\" aria-roledescription=\"carousel\" aria-label=\"Diapositivas\" dir=\"ltr\" data-animation=\"\">\n\t\t\t\t<div class=\"swiper-wrapper elementor-slides\">\n\t\t\t\t\t\t\t\t\t\t<div class=\"elementor-repeater-item-84e3dc1 swiper-slide\" role=\"group\" aria-roledescription=\"slide\"><div class=\"swiper-slide-bg\" role=\"img\" aria-label=\"Laterale Residences Riquewihr(45)\"><\/div><a class=\"swiper-slide-inner\" href=\"#Introducci%C3%B3n\"><div class=\"swiper-slide-contents\"><div class=\"elementor-slide-heading\">Informe  <br>TV Sarre<\/div><div class=\"elementor-button elementor-slide-button elementor-size-sm\">\u2193<\/div><\/div><\/a><\/div>\t\t\t\t<\/div>\n\t\t\t\t\t\t\t<\/div>\n\t\t\t\t\t\t\t\t<\/div>\n\t\t\t\t\t<\/div>\n\t\t<\/div>\n\t\t\t\t\t<\/div>\n\t\t<\/section>\n\t\t\t\t<section class=\"elementor-section elementor-top-section elementor-element elementor-element-91246c1 elementor-section-boxed elementor-section-height-default elementor-section-height-default\" data-id=\"91246c1\" data-element_type=\"section\" data-e-type=\"section\" id=\"introduction\" data-settings='{\"_ha_eqh_enable\":false}'>\n\t\t\t\t\t\t<div class=\"elementor-container elementor-column-gap-default\">\n\t\t\t\t\t<div class=\"elementor-column elementor-col-100 elementor-top-column elementor-element elementor-element-bd65b1d\" data-id=\"bd65b1d\" data-element_type=\"column\" data-e-type=\"column\">\n\t\t\t<div class=\"elementor-widget-wrap elementor-element-populated\">\n\t\t\t\t\t\t<div class=\"elementor-element elementor-element-020eb05 elementor-widget elementor-widget-heading\" data-id=\"020eb05\" data-element_type=\"widget\" data-e-type=\"widget\" data-widget_type=\"heading.default\">\n\t\t\t\t\t<h2 class=\"elementor-heading-title elementor-size-default\">TV Saarland descubre la Residencia<\/h2>\t\t\t\t<\/div>\n\t\t\t\t<div class=\"elementor-element elementor-element-2ccc0b2 elementor-widget elementor-widget-text-editor\" data-id=\"2ccc0b2\" data-element_type=\"widget\" data-e-type=\"widget\" data-widget_type=\"text-editor.default\">\n\t\t\t\t\t\t\t\t\t<p>LAT\u00c9RALE RESIDENCES recibi\u00f3 a un equipo de rodaje de la televisi\u00f3n del Sarre en mayo de 2023. En el programa \u00abFerien beim Nachbarn\u00bb \u2013 Vacaciones con nuestros vecinos, un bonito reportaje sobre la ciudad de Riquewihr, su Dolder y nuestra residencia.<\/p>\n\t\t\t\t\t\t\t\t<\/div>\n\t\t\t\t\t<\/div>\n\t\t<\/div>\n\t\t\t\t\t<\/div>\n\t\t<\/section>\n\t\t\t\t<section class=\"elementor-section elementor-top-section elementor-element elementor-element-e19d440 elementor-section-boxed elementor-section-height-default elementor-section-height-default\" data-id=\"e19d440\" data-element_type=\"section\" data-e-type=\"section\" data-settings='{\"_ha_eqh_enable\":false}'>\n\t\t\t\t\t\t<div class=\"elementor-container elementor-column-gap-default\">\n\t\t\t\t\t<div class=\"elementor-column elementor-col-100 elementor-top-column elementor-element elementor-element-60f1c38\" data-id=\"60f1c38\" data-element_type=\"column\" data-e-type=\"column\">\n\t\t\t<div class=\"elementor-widget-wrap elementor-element-populated\">\n\t\t\t\t\t\t<div class=\"elementor-element elementor-element-26939ae elementor-widget elementor-widget-video\" data-id=\"26939ae\" data-element_type=\"widget\" data-e-type=\"widget\" data-settings='{\"video_type\":\"vimeo\",\"autoplay\":\"yes\",\"play_on_mobile\":\"yes\",\"loop\":\"yes\"}' data-widget_type=\"video.default\">\n\t\t\t\t\t\t\t<div class=\"elementor-wrapper elementor-open-inline\">\n\t\t\t<iframe class=\"elementor-video-iframe\" allowfullscreen allow=\"autoplay\" title=\"Reproductor de v\u00eddeo vimeo\" src=\"https:\/\/player.vimeo.com\/video\/858968938?autoplay=1&amp;playsinline=1&amp;color&amp;autopause=0&amp;loop=1&amp;muted=0&amp;title=1&amp;portrait=1&amp;byline=1#t=\"><\/iframe>\t\t<\/div>\n\t\t\t\t\t\t<\/div>\n\t\t\t\t\t<\/div>\n\t\t<\/div>\n\t\t\t\t\t<\/div>\n\t\t<\/section>\n\t\t\t\t<\/div>\n\t\t","protected":false},"excerpt":{"rendered":"<p>Informe TV Sarre\u2193 TV Saarland descubre la Residencia LAT\u00c9RALE RESIDENCES recibi\u00f3 a un equipo de rodaje de la televisi\u00f3n del Sarre en mayo de 2023. En el programa \u00abFerien beim Nachbarn\u00bb \u2013 Vacaciones con nuestros vecinos, un bonito reportaje sobre la ciudad de Riquewihr, su Dolder y nuestra residencia.<\/p>\n","protected":false},"author":1,"featured_media":0,"parent":0,"menu_order":0,"comment_status":"closed","ping_status":"closed","template":"","meta":{"_acf_changed":false,"footnotes":""},"class_list":["post-17636","page","type-page","status-publish","hentry"],"acf":[],"yoast_head":"<!-- This site is optimized with the Yoast SEO Premium plugin v21.7 (Yoast SEO v27.3) - https:\/\/yoast.com\/product\/yoast-seo-premium-wordpress\/ -->\n<title>V\u00eddeo - Laterale Residences<\/title>\n<meta name=\"robots\" content=\"index, follow, max-snippet:-1, max-image-preview:large, max-video-preview:-1\" \/>\n<link rel=\"canonical\" href=\"https:\/\/laterale-residences.com\/es\/la-residencia-cloned-122\/\" \/>\n<meta property=\"og:locale\" content=\"es_ES\" \/>\n<meta property=\"og:type\" content=\"article\" \/>\n<meta property=\"og:title\" content=\"V\u00eddeo\" \/>\n<meta property=\"og:description\" content=\"Informe TV Sarre\u2193 TV Saarland descubre la Residencia LAT\u00c9RALE RESIDENCES recibi\u00f3 a un equipo de rodaje de la televisi\u00f3n del Sarre en mayo de 2023. En el programa \u00abFerien beim Nachbarn\u00bb \u2013 Vacaciones con nuestros vecinos, un bonito reportaje sobre la ciudad de Riquewihr, su Dolder y nuestra residencia.\" \/>\n<meta property=\"og:url\" content=\"https:\/\/laterale-residences.com\/es\/la-residencia-cloned-122\/\" \/>\n<meta property=\"og:site_name\" content=\"Laterale Residences\" \/>\n<meta property=\"article:modified_time\" content=\"2023-08-29T12:12:38+00:00\" \/>\n<meta name=\"twitter:card\" content=\"summary_large_image\" \/>\n<script type=\"application\/ld+json\" class=\"yoast-schema-graph\">{\"@context\":\"https:\\\/\\\/schema.org\",\"@graph\":[{\"@type\":\"WebPage\",\"@id\":\"https:\\\/\\\/laterale-residences.com\\\/es\\\/la-residencia-cloned-122\\\/\",\"url\":\"https:\\\/\\\/laterale-residences.com\\\/es\\\/la-residencia-cloned-122\\\/\",\"name\":\"V\u00eddeo - Laterale Residences\",\"isPartOf\":{\"@id\":\"https:\\\/\\\/laterale-residences.com\\\/es\\\/#website\"},\"datePublished\":\"2023-08-29T11:58:21+00:00\",\"dateModified\":\"2023-08-29T12:12:38+00:00\",\"breadcrumb\":{\"@id\":\"https:\\\/\\\/laterale-residences.com\\\/es\\\/la-residencia-cloned-122\\\/#breadcrumb\"},\"inLanguage\":\"es\",\"potentialAction\":[{\"@type\":\"ReadAction\",\"target\":[\"https:\\\/\\\/laterale-residences.com\\\/es\\\/la-residencia-cloned-122\\\/\"]}]},{\"@type\":\"BreadcrumbList\",\"@id\":\"https:\\\/\\\/laterale-residences.com\\\/es\\\/la-residencia-cloned-122\\\/#breadcrumb\",\"itemListElement\":[{\"@type\":\"ListItem\",\"position\":1,\"name\":\"Accueil\",\"item\":\"https:\\\/\\\/laterale-residences.com\\\/es\\\/bienvenida\\\/\"},{\"@type\":\"ListItem\",\"position\":2,\"name\":\"V\u00eddeo\"}]},{\"@type\":\"WebSite\",\"@id\":\"https:\\\/\\\/laterale-residences.com\\\/es\\\/#website\",\"url\":\"https:\\\/\\\/laterale-residences.com\\\/es\\\/\",\"name\":\"Laterale Residences\",\"description\":\"Appartements Vacances Riquewihr sur la route des vins d&#039;Alsace\",\"publisher\":{\"@id\":\"https:\\\/\\\/laterale-residences.com\\\/es\\\/#organization\"},\"potentialAction\":[{\"@type\":\"SearchAction\",\"target\":{\"@type\":\"EntryPoint\",\"urlTemplate\":\"https:\\\/\\\/laterale-residences.com\\\/es\\\/?s={search_term_string}\"},\"query-input\":{\"@type\":\"PropertyValueSpecification\",\"valueRequired\":true,\"valueName\":\"search_term_string\"}}],\"inLanguage\":\"es\"},{\"@type\":\"Organization\",\"@id\":\"https:\\\/\\\/laterale-residences.com\\\/es\\\/#organization\",\"name\":\"Laterale Residences\",\"url\":\"https:\\\/\\\/laterale-residences.com\\\/es\\\/\",\"logo\":{\"@type\":\"ImageObject\",\"inLanguage\":\"es\",\"@id\":\"https:\\\/\\\/laterale-residences.com\\\/es\\\/#\\\/schema\\\/logo\\\/image\\\/\",\"url\":\"https:\\\/\\\/laterale-residences.com\\\/wp-content\\\/uploads\\\/2021\\\/07\\\/logo_laterale_residences_etoiles.png\",\"contentUrl\":\"https:\\\/\\\/laterale-residences.com\\\/wp-content\\\/uploads\\\/2021\\\/07\\\/logo_laterale_residences_etoiles.png\",\"width\":600,\"height\":600,\"caption\":\"Laterale Residences\"},\"image\":{\"@id\":\"https:\\\/\\\/laterale-residences.com\\\/es\\\/#\\\/schema\\\/logo\\\/image\\\/\"}}]}<\/script>\n<!-- \/ Yoast SEO Premium plugin. -->","yoast_head_json":{"title":"V\u00eddeo - Laterale Residences","robots":{"index":"index","follow":"follow","max-snippet":"max-snippet:-1","max-image-preview":"max-image-preview:large","max-video-preview":"max-video-preview:-1"},"canonical":"https:\/\/laterale-residences.com\/es\/la-residencia-cloned-122\/","og_locale":"es_ES","og_type":"article","og_title":"V\u00eddeo","og_description":"Informe TV Sarre\u2193 TV Saarland descubre la Residencia LAT\u00c9RALE RESIDENCES recibi\u00f3 a un equipo de rodaje de la televisi\u00f3n del Sarre en mayo de 2023. En el programa \u00abFerien beim Nachbarn\u00bb \u2013 Vacaciones con nuestros vecinos, un bonito reportaje sobre la ciudad de Riquewihr, su Dolder y nuestra residencia.","og_url":"https:\/\/laterale-residences.com\/es\/la-residencia-cloned-122\/","og_site_name":"Laterale Residences","article_modified_time":"2023-08-29T12:12:38+00:00","twitter_card":"summary_large_image","schema":{"@context":"https:\/\/schema.org","@graph":[{"@type":"WebPage","@id":"https:\/\/laterale-residences.com\/es\/la-residencia-cloned-122\/","url":"https:\/\/laterale-residences.com\/es\/la-residencia-cloned-122\/","name":"V\u00eddeo - Laterale Residences","isPartOf":{"@id":"https:\/\/laterale-residences.com\/es\/#website"},"datePublished":"2023-08-29T11:58:21+00:00","dateModified":"2023-08-29T12:12:38+00:00","breadcrumb":{"@id":"https:\/\/laterale-residences.com\/es\/la-residencia-cloned-122\/#breadcrumb"},"inLanguage":"es","potentialAction":[{"@type":"ReadAction","target":["https:\/\/laterale-residences.com\/es\/la-residencia-cloned-122\/"]}]},{"@type":"BreadcrumbList","@id":"https:\/\/laterale-residences.com\/es\/la-residencia-cloned-122\/#breadcrumb","itemListElement":[{"@type":"ListItem","position":1,"name":"Accueil","item":"https:\/\/laterale-residences.com\/es\/bienvenida\/"},{"@type":"ListItem","position":2,"name":"V\u00eddeo"}]},{"@type":"WebSite","@id":"https:\/\/laterale-residences.com\/es\/#website","url":"https:\/\/laterale-residences.com\/es\/","name":"Laterale Residences","description":"Appartements Vacances Riquewihr sur la route des vins d&#039;Alsace","publisher":{"@id":"https:\/\/laterale-residences.com\/es\/#organization"},"potentialAction":[{"@type":"SearchAction","target":{"@type":"EntryPoint","urlTemplate":"https:\/\/laterale-residences.com\/es\/?s={search_term_string}"},"query-input":{"@type":"PropertyValueSpecification","valueRequired":true,"valueName":"search_term_string"}}],"inLanguage":"es"},{"@type":"Organization","@id":"https:\/\/laterale-residences.com\/es\/#organization","name":"Laterale Residences","url":"https:\/\/laterale-residences.com\/es\/","logo":{"@type":"ImageObject","inLanguage":"es","@id":"https:\/\/laterale-residences.com\/es\/#\/schema\/logo\/image\/","url":"https:\/\/laterale-residences.com\/wp-content\/uploads\/2021\/07\/logo_laterale_residences_etoiles.png","contentUrl":"https:\/\/laterale-residences.com\/wp-content\/uploads\/2021\/07\/logo_laterale_residences_etoiles.png","width":600,"height":600,"caption":"Laterale Residences"},"image":{"@id":"https:\/\/laterale-residences.com\/es\/#\/schema\/logo\/image\/"}}]}},"_links":{"self":[{"href":"https:\/\/laterale-residences.com\/es\/wp-json\/wp\/v2\/pages\/17636","targetHints":{"allow":["GET"]}}],"collection":[{"href":"https:\/\/laterale-residences.com\/es\/wp-json\/wp\/v2\/pages"}],"about":[{"href":"https:\/\/laterale-residences.com\/es\/wp-json\/wp\/v2\/types\/page"}],"author":[{"embeddable":true,"href":"https:\/\/laterale-residences.com\/es\/wp-json\/wp\/v2\/users\/1"}],"replies":[{"embeddable":true,"href":"https:\/\/laterale-residences.com\/es\/wp-json\/wp\/v2\/comments?post=17636"}],"version-history":[{"count":3,"href":"https:\/\/laterale-residences.com\/es\/wp-json\/wp\/v2\/pages\/17636\/revisions"}],"predecessor-version":[{"id":17661,"href":"https:\/\/laterale-residences.com\/es\/wp-json\/wp\/v2\/pages\/17636\/revisions\/17661"}],"wp:attachment":[{"href":"https:\/\/laterale-residences.com\/es\/wp-json\/wp\/v2\/media?parent=17636"}],"curies":[{"name":"wp","href":"https:\/\/api.w.org\/{rel}","templated":true}]}}