{"id":12904,"date":"2022-04-24T19:57:08","date_gmt":"2022-04-24T17:57:08","guid":{"rendered":"https:\/\/laterale-residences.com\/propiedad-intelectual\/"},"modified":"2022-05-19T11:07:38","modified_gmt":"2022-05-19T09:07:38","slug":"propiedad-intelectual","status":"publish","type":"page","link":"https:\/\/laterale-residences.com\/es\/propiedad-intelectual\/","title":{"rendered":"Propiedad intelectual"},"content":{"rendered":"<p><strong>LATERALE RESIDENCES respeta los derechos de propiedad intelectual de terceros y espera que sus usuarios hagan lo mismo.<\/strong><\/p>\n<p>LATERALE RESIDENCES tiene una pol\u00edtica, en las circunstancias apropiadas ya su discreci\u00f3n, para deshabilitar y\/o cancelar la cuenta o el acceso de los usuarios que infrinjan repetidamente o que sean acusados regularmente de infringir los derechos de autor u otros derechos de propiedad intelectual de terceros.<\/p>\n<p>LATERALE RESIDENCES responder\u00e1 a las reclamaciones de infracci\u00f3n de Derechos de Propiedad Intelectual realizadas a trav\u00e9s de https:\/\/laterale-residences.com\/ (\u201cel Sitio y\/o la Plataforma\u201d) que se se\u00f1alan a la atenci\u00f3n de LATERALE RESIDENCES de acuerdo con esta Carta.<\/p>\n<p>Si usted es el propietario de un Derecho de propiedad intelectual, o que est\u00e1 autorizado para actuar en nombre de dicha persona, notifique las supuestas infracciones de los Derechos de propiedad intelectual realizadas en o a trav\u00e9s del Sitio y la Plataforma volviendo a LATERALE RESIDENCES el siguiente Aviso de Supuesta Infracci\u00f3n debidamente completado, como se describe a continuaci\u00f3n.<\/p>\n<p>Al recibir la Notificaci\u00f3n como se describe a continuaci\u00f3n, LATERALE RESIDENCES tomar\u00e1, a su sola discreci\u00f3n, cualquier acci\u00f3n que considere apropiada, incluida la eliminaci\u00f3n del contenido en disputa del Sitio y\/o la Plataforma.<\/p>\n<p>\u00a0<\/p>\n<h3><strong>Notificaci\u00f3n de falsificaci\u00f3n<br>\n<\/strong><\/h3>\n<p><strong>1.<\/strong> Identifique el trabajo espec\u00edfico protegido por derechos de autor que considera que se ha infringido o, si este Aviso cubre m\u00e1s de un trabajo, puede enviar una lista representativa de los trabajos que considera que se han infringido.<\/p>\n<p><strong>2.<\/strong> Identifique el contenido que cree que est\u00e1 infringiendo (o es objeto de una actividad infractora) y que cree que deber\u00eda eliminarse o cuyo acceso deber\u00eda desactivarse, e informaci\u00f3n razonablemente suficiente para permitirnos localizar dicho contenido, incluidos, como m\u00ednimo, en su caso, la URL del enlace que aparece en el Sitio y la Plataforma desde la que se puede consultar el contenido en cuesti\u00f3n.<\/p>\n<p><strong>3.<\/strong> Proporcione su direcci\u00f3n postal, n\u00famero de tel\u00e9fono y, si corresponde, su direcci\u00f3n de correo electr\u00f3nico.<\/p>\n<p><strong>4.<\/strong> Incluya las dos declaraciones a continuaci\u00f3n en el cuerpo de la Notificaci\u00f3n:<\/p>\n<p>\u201cPor la presente declaro que considero de buena fe que el uso litigioso del documento identificado no est\u00e1 autorizado por el titular del Derecho de Propiedad Intelectual, su apoderado o la ley (por ejemplo, las excepciones legales y jurisprudenciales del \u201cfair use\u201d). \u00bb<\/p>\n<p>\u201cPor la presente declaro que la informaci\u00f3n contenida en esta Notificaci\u00f3n es exacta y, bajo pena de perjurio, que soy titular, o que estoy autorizado para actuar en nombre del titular, de los Derechos de Propiedad Intelectual cuya infracci\u00f3n se alega. \u00bb<\/p>\n<p><strong>5.<\/strong> Especifique su nombre y apellido y coloque su firma electr\u00f3nica o f\u00edsica.<\/p>\n<p><strong>6.<\/strong> Env\u00ede esta Notificaci\u00f3n, junto con todos los elementos completados, aLATERALE RESIDENCES :<\/p>\n<h3><strong>LATERALE RESIDENCES <\/strong><br>\n4 rue Lat\u00e9rale \u2013 68340 Riquewihr<\/h3>\n<p>Correo electr\u00f3nico : <a href=\"mailto:contact@laterale-residences.com\">contact@laterale-residences.com<\/a><\/p>\n<p>\u00a0<\/p>\n<p>\u00daltima actualizaci\u00f3n: <strong>12 de noviembre de 2021<\/strong> .<\/p>\n<p><strong>\u00a9 2022<\/strong>LATERALE RESIDENCES <strong>.<\/strong> <strong>Todos los derechos reservados.<\/strong><\/p>\n","protected":false},"excerpt":{"rendered":"<p>LATERALE RESIDENCES respeta los derechos de propiedad intelectual de terceros y espera que sus usuarios hagan lo mismo. LATERALE RESIDENCES tiene una pol\u00edtica, en las circunstancias apropiadas ya su discreci\u00f3n, para deshabilitar y\/o cancelar la cuenta o el acceso de los usuarios que infrinjan repetidamente o que sean acusados regularmente de infringir los derechos de [&hellip;]<\/p>\n","protected":false},"author":1,"featured_media":0,"parent":0,"menu_order":0,"comment_status":"closed","ping_status":"closed","template":"","meta":{"_acf_changed":false,"footnotes":""},"class_list":["post-12904","page","type-page","status-publish","hentry"],"acf":[],"yoast_head":"<!-- This site is optimized with the Yoast SEO Premium plugin v21.7 (Yoast SEO v27.4) - https:\/\/yoast.com\/product\/yoast-seo-premium-wordpress\/ -->\n<title>Propiedad intelectual - Laterale Residences<\/title>\n<meta name=\"robots\" content=\"index, follow, max-snippet:-1, max-image-preview:large, max-video-preview:-1\" \/>\n<link rel=\"canonical\" href=\"https:\/\/laterale-residences.com\/es\/propiedad-intelectual\/\" \/>\n<meta property=\"og:locale\" content=\"es_ES\" \/>\n<meta property=\"og:type\" content=\"article\" \/>\n<meta property=\"og:title\" content=\"Propiedad intelectual\" \/>\n<meta property=\"og:description\" content=\"LATERALE RESIDENCES respeta los derechos de propiedad intelectual de terceros y espera que sus usuarios hagan lo mismo. LATERALE RESIDENCES tiene una pol\u00edtica, en las circunstancias apropiadas ya su discreci\u00f3n, para deshabilitar y\/o cancelar la cuenta o el acceso de los usuarios que infrinjan repetidamente o que sean acusados regularmente de infringir los derechos de [&hellip;]\" \/>\n<meta property=\"og:url\" content=\"https:\/\/laterale-residences.com\/es\/propiedad-intelectual\/\" \/>\n<meta property=\"og:site_name\" content=\"Laterale Residences\" \/>\n<meta property=\"article:modified_time\" content=\"2022-05-19T09:07:38+00:00\" \/>\n<meta name=\"twitter:card\" content=\"summary_large_image\" \/>\n<meta name=\"twitter:label1\" content=\"Tiempo de lectura\" \/>\n\t<meta name=\"twitter:data1\" content=\"2 minutos\" \/>\n<script type=\"application\/ld+json\" class=\"yoast-schema-graph\">{\"@context\":\"https:\\\/\\\/schema.org\",\"@graph\":[{\"@type\":\"WebPage\",\"@id\":\"https:\\\/\\\/laterale-residences.com\\\/es\\\/propiedad-intelectual\\\/\",\"url\":\"https:\\\/\\\/laterale-residences.com\\\/es\\\/propiedad-intelectual\\\/\",\"name\":\"Propiedad intelectual - Laterale Residences\",\"isPartOf\":{\"@id\":\"https:\\\/\\\/laterale-residences.com\\\/es\\\/#website\"},\"datePublished\":\"2022-04-24T17:57:08+00:00\",\"dateModified\":\"2022-05-19T09:07:38+00:00\",\"breadcrumb\":{\"@id\":\"https:\\\/\\\/laterale-residences.com\\\/es\\\/propiedad-intelectual\\\/#breadcrumb\"},\"inLanguage\":\"es\",\"potentialAction\":[{\"@type\":\"ReadAction\",\"target\":[\"https:\\\/\\\/laterale-residences.com\\\/es\\\/propiedad-intelectual\\\/\"]}]},{\"@type\":\"BreadcrumbList\",\"@id\":\"https:\\\/\\\/laterale-residences.com\\\/es\\\/propiedad-intelectual\\\/#breadcrumb\",\"itemListElement\":[{\"@type\":\"ListItem\",\"position\":1,\"name\":\"Accueil\",\"item\":\"https:\\\/\\\/laterale-residences.com\\\/es\\\/bienvenida\\\/\"},{\"@type\":\"ListItem\",\"position\":2,\"name\":\"Propiedad intelectual\"}]},{\"@type\":\"WebSite\",\"@id\":\"https:\\\/\\\/laterale-residences.com\\\/es\\\/#website\",\"url\":\"https:\\\/\\\/laterale-residences.com\\\/es\\\/\",\"name\":\"Laterale Residences\",\"description\":\"Appartements Vacances Riquewihr sur la route des vins d&#039;Alsace\",\"publisher\":{\"@id\":\"https:\\\/\\\/laterale-residences.com\\\/es\\\/#organization\"},\"potentialAction\":[{\"@type\":\"SearchAction\",\"target\":{\"@type\":\"EntryPoint\",\"urlTemplate\":\"https:\\\/\\\/laterale-residences.com\\\/es\\\/?s={search_term_string}\"},\"query-input\":{\"@type\":\"PropertyValueSpecification\",\"valueRequired\":true,\"valueName\":\"search_term_string\"}}],\"inLanguage\":\"es\"},{\"@type\":\"Organization\",\"@id\":\"https:\\\/\\\/laterale-residences.com\\\/es\\\/#organization\",\"name\":\"Laterale Residences\",\"url\":\"https:\\\/\\\/laterale-residences.com\\\/es\\\/\",\"logo\":{\"@type\":\"ImageObject\",\"inLanguage\":\"es\",\"@id\":\"https:\\\/\\\/laterale-residences.com\\\/es\\\/#\\\/schema\\\/logo\\\/image\\\/\",\"url\":\"https:\\\/\\\/laterale-residences.com\\\/wp-content\\\/uploads\\\/2021\\\/07\\\/logo_laterale_residences_etoiles.png\",\"contentUrl\":\"https:\\\/\\\/laterale-residences.com\\\/wp-content\\\/uploads\\\/2021\\\/07\\\/logo_laterale_residences_etoiles.png\",\"width\":600,\"height\":600,\"caption\":\"Laterale Residences\"},\"image\":{\"@id\":\"https:\\\/\\\/laterale-residences.com\\\/es\\\/#\\\/schema\\\/logo\\\/image\\\/\"}}]}<\/script>\n<!-- \/ Yoast SEO Premium plugin. -->","yoast_head_json":{"title":"Propiedad intelectual - Laterale Residences","robots":{"index":"index","follow":"follow","max-snippet":"max-snippet:-1","max-image-preview":"max-image-preview:large","max-video-preview":"max-video-preview:-1"},"canonical":"https:\/\/laterale-residences.com\/es\/propiedad-intelectual\/","og_locale":"es_ES","og_type":"article","og_title":"Propiedad intelectual","og_description":"LATERALE RESIDENCES respeta los derechos de propiedad intelectual de terceros y espera que sus usuarios hagan lo mismo. LATERALE RESIDENCES tiene una pol\u00edtica, en las circunstancias apropiadas ya su discreci\u00f3n, para deshabilitar y\/o cancelar la cuenta o el acceso de los usuarios que infrinjan repetidamente o que sean acusados regularmente de infringir los derechos de [&hellip;]","og_url":"https:\/\/laterale-residences.com\/es\/propiedad-intelectual\/","og_site_name":"Laterale Residences","article_modified_time":"2022-05-19T09:07:38+00:00","twitter_card":"summary_large_image","twitter_misc":{"Tiempo de lectura":"2 minutos"},"schema":{"@context":"https:\/\/schema.org","@graph":[{"@type":"WebPage","@id":"https:\/\/laterale-residences.com\/es\/propiedad-intelectual\/","url":"https:\/\/laterale-residences.com\/es\/propiedad-intelectual\/","name":"Propiedad intelectual - Laterale Residences","isPartOf":{"@id":"https:\/\/laterale-residences.com\/es\/#website"},"datePublished":"2022-04-24T17:57:08+00:00","dateModified":"2022-05-19T09:07:38+00:00","breadcrumb":{"@id":"https:\/\/laterale-residences.com\/es\/propiedad-intelectual\/#breadcrumb"},"inLanguage":"es","potentialAction":[{"@type":"ReadAction","target":["https:\/\/laterale-residences.com\/es\/propiedad-intelectual\/"]}]},{"@type":"BreadcrumbList","@id":"https:\/\/laterale-residences.com\/es\/propiedad-intelectual\/#breadcrumb","itemListElement":[{"@type":"ListItem","position":1,"name":"Accueil","item":"https:\/\/laterale-residences.com\/es\/bienvenida\/"},{"@type":"ListItem","position":2,"name":"Propiedad intelectual"}]},{"@type":"WebSite","@id":"https:\/\/laterale-residences.com\/es\/#website","url":"https:\/\/laterale-residences.com\/es\/","name":"Laterale Residences","description":"Appartements Vacances Riquewihr sur la route des vins d&#039;Alsace","publisher":{"@id":"https:\/\/laterale-residences.com\/es\/#organization"},"potentialAction":[{"@type":"SearchAction","target":{"@type":"EntryPoint","urlTemplate":"https:\/\/laterale-residences.com\/es\/?s={search_term_string}"},"query-input":{"@type":"PropertyValueSpecification","valueRequired":true,"valueName":"search_term_string"}}],"inLanguage":"es"},{"@type":"Organization","@id":"https:\/\/laterale-residences.com\/es\/#organization","name":"Laterale Residences","url":"https:\/\/laterale-residences.com\/es\/","logo":{"@type":"ImageObject","inLanguage":"es","@id":"https:\/\/laterale-residences.com\/es\/#\/schema\/logo\/image\/","url":"https:\/\/laterale-residences.com\/wp-content\/uploads\/2021\/07\/logo_laterale_residences_etoiles.png","contentUrl":"https:\/\/laterale-residences.com\/wp-content\/uploads\/2021\/07\/logo_laterale_residences_etoiles.png","width":600,"height":600,"caption":"Laterale Residences"},"image":{"@id":"https:\/\/laterale-residences.com\/es\/#\/schema\/logo\/image\/"}}]}},"_links":{"self":[{"href":"https:\/\/laterale-residences.com\/es\/wp-json\/wp\/v2\/pages\/12904","targetHints":{"allow":["GET"]}}],"collection":[{"href":"https:\/\/laterale-residences.com\/es\/wp-json\/wp\/v2\/pages"}],"about":[{"href":"https:\/\/laterale-residences.com\/es\/wp-json\/wp\/v2\/types\/page"}],"author":[{"embeddable":true,"href":"https:\/\/laterale-residences.com\/es\/wp-json\/wp\/v2\/users\/1"}],"replies":[{"embeddable":true,"href":"https:\/\/laterale-residences.com\/es\/wp-json\/wp\/v2\/comments?post=12904"}],"version-history":[{"count":1,"href":"https:\/\/laterale-residences.com\/es\/wp-json\/wp\/v2\/pages\/12904\/revisions"}],"predecessor-version":[{"id":13011,"href":"https:\/\/laterale-residences.com\/es\/wp-json\/wp\/v2\/pages\/12904\/revisions\/13011"}],"wp:attachment":[{"href":"https:\/\/laterale-residences.com\/es\/wp-json\/wp\/v2\/media?parent=12904"}],"curies":[{"name":"wp","href":"https:\/\/api.w.org\/{rel}","templated":true}]}}