{"id":6136,"date":"2021-07-19T17:09:48","date_gmt":"2021-07-19T15:09:48","guid":{"rendered":"https:\/\/laterale-residences.com\/was-ist-zu-tun\/weintourismus\/"},"modified":"2022-06-24T15:34:52","modified_gmt":"2022-06-24T13:34:52","slug":"weintourismus","status":"publish","type":"page","link":"https:\/\/laterale-residences.com\/de\/was-ist-zu-tun\/weintourismus\/","title":{"rendered":"Weintourismus"},"content":{"rendered":"\t\t<div data-elementor-type=\"wp-page\" data-elementor-id=\"6136\" class=\"elementor elementor-6136 elementor-139\" data-elementor-settings='{\"ha_cmc_init_switcher\":\"no\"}' data-elementor-post-type=\"page\">\n\t\t\t\t\t\t<section class=\"elementor-section elementor-top-section elementor-element elementor-element-c6eb6b1 elementor-section-full_width elementor-section-height-default elementor-section-height-default\" data-id=\"c6eb6b1\" data-element_type=\"section\" data-e-type=\"section\" data-settings='{\"_ha_eqh_enable\":false}'>\n\t\t\t\t\t\t<div class=\"elementor-container elementor-column-gap-default\">\n\t\t\t\t\t<div class=\"elementor-column elementor-col-100 elementor-top-column elementor-element elementor-element-8cf1505\" data-id=\"8cf1505\" data-element_type=\"column\" data-e-type=\"column\">\n\t\t\t<div class=\"elementor-widget-wrap elementor-element-populated\">\n\t\t\t\t\t\t<div class=\"elementor-element elementor-element-9c8505a elementor--h-position-center elementor--v-position-middle elementor-arrows-position-inside elementor-pagination-position-inside elementor-widget elementor-widget-slides\" data-id=\"9c8505a\" data-element_type=\"widget\" data-e-type=\"widget\" data-settings='{\"transition\":\"fade\",\"navigation\":\"both\",\"autoplay\":\"yes\",\"pause_on_interaction\":\"yes\",\"autoplay_speed\":5000,\"infinite\":\"yes\",\"transition_speed\":500}' data-widget_type=\"slides.default\">\n\t\t\t\t\t\t\t\t\t\t<div class=\"elementor-slides-wrapper elementor-main-swiper swiper\" role=\"region\" aria-roledescription=\"carousel\" aria-label=\"Slider\" dir=\"ltr\" data-animation=\"\">\n\t\t\t\t<div class=\"swiper-wrapper elementor-slides\">\n\t\t\t\t\t\t\t\t\t\t<div class=\"elementor-repeater-item-84e3dc1 swiper-slide\" role=\"group\" aria-roledescription=\"slide\"><div class=\"swiper-slide-bg elementor-ken-burns elementor-ken-burns--in\" role=\"img\" aria-label=\"Laterale Residences - Oenotourisme\"><\/div><a class=\"swiper-slide-inner\" href=\"#Einleitung\"><div class=\"swiper-slide-contents\"><div class=\"elementor-slide-heading\">Weintourismus<\/div><div class=\"elementor-button elementor-slide-button elementor-size-sm\">\u2193<\/div><\/div><\/a><\/div>\t\t\t\t<\/div>\n\t\t\t\t\t\t\t<\/div>\n\t\t\t\t\t\t\t\t<\/div>\n\t\t\t\t\t<\/div>\n\t\t<\/div>\n\t\t\t\t\t<\/div>\n\t\t<\/section>\n\t\t\t\t<section class=\"elementor-section elementor-top-section elementor-element elementor-element-2bd835f elementor-section-boxed elementor-section-height-default elementor-section-height-default\" data-id=\"2bd835f\" data-element_type=\"section\" data-e-type=\"section\" data-settings='{\"_ha_eqh_enable\":false}'>\n\t\t\t\t\t\t<div class=\"elementor-container elementor-column-gap-default\">\n\t\t\t\t\t<div class=\"elementor-column elementor-col-100 elementor-top-column elementor-element elementor-element-68dbd26\" data-id=\"68dbd26\" data-element_type=\"column\" data-e-type=\"column\">\n\t\t\t<div class=\"elementor-widget-wrap elementor-element-populated\">\n\t\t\t\t\t\t<div class=\"elementor-element elementor-element-36d682e elementor-grid-3 elementor-grid-tablet-2 elementor-grid-mobile-1 elementor-posts--thumbnail-top elementor-card-shadow-yes elementor-posts__hover-gradient elementor-widget elementor-widget-posts\" data-id=\"36d682e\" data-element_type=\"widget\" data-e-type=\"widget\" data-settings='{\"cards_columns\":\"3\",\"cards_columns_tablet\":\"2\",\"cards_columns_mobile\":\"1\",\"cards_row_gap\":{\"unit\":\"px\",\"size\":35,\"sizes\":[]},\"cards_row_gap_tablet\":{\"unit\":\"px\",\"size\":\"\",\"sizes\":[]},\"cards_row_gap_mobile\":{\"unit\":\"px\",\"size\":\"\",\"sizes\":[]}}' data-widget_type=\"posts.cards\">\n\t\t\t\t<div class=\"elementor-widget-container\">\n\t\t\t\t\t\t\t<div class=\"elementor-posts-container elementor-posts elementor-posts--skin-cards elementor-grid\" role=\"list\">\n\t\t\t\t<article class=\"elementor-post elementor-grid-item post-12636 post type-post status-publish format-standard has-post-thumbnail hentry category-weintourismus category-winzer\" role=\"listitem\">\n\t\t\t<div class=\"elementor-post__card\">\n\t\t\t\t<a class=\"elementor-post__thumbnail__link\" href=\"https:\/\/laterale-residences.com\/de\/domaene-eblin-fuchs\/\" tabindex=\"-1\"><div class=\"elementor-post__thumbnail\"><img fetchpriority=\"high\" decoding=\"async\" width=\"768\" height=\"489\" src=\"https:\/\/laterale-residences.com\/wp-content\/uploads\/2022\/05\/Laterale-Residences-Domaine-Eblin-Fuchs-Zellenberg.jpg\" class=\"attachment-medium_large size-medium_large wp-image-12607\" alt=\"\" srcset=\"https:\/\/laterale-residences.com\/wp-content\/uploads\/2022\/05\/Laterale-Residences-Domaine-Eblin-Fuchs-Zellenberg.jpg 768w, https:\/\/laterale-residences.com\/wp-content\/uploads\/2022\/05\/Laterale-Residences-Domaine-Eblin-Fuchs-Zellenberg-300x191.jpg 300w\" sizes=\"(max-width: 768px) 100vw, 768px\"><\/div><\/a>\n\t\t\t\t<div class=\"elementor-post__badge\">Weintourismus<\/div>\n\t\t\t\t<div class=\"elementor-post__text\">\n\t\t\t\t<h3 class=\"elementor-post__title\">\n\t\t\t<a href=\"https:\/\/laterale-residences.com\/de\/domaene-eblin-fuchs\/\">\n\t\t\t\tDom\u00e4ne EBLIN FUCHS\t\t\t<\/a>\n\t\t<\/h3>\n\t\t\t\t<div class=\"elementor-post__excerpt\">\n\t\t\t<p>Zellenberg \u2013 Domaine EBLIN FUCHS<br>\nAus dem Zusammenschluss zweier Winzerfamilien im Jahr 1956 hervorgegangen, wird der Weinberg seit den 2000er Jahren biodynamisch betrieben, diese Arbeit wird im gleichen Geist im Keller fortgesetzt.<br>\nDie ausschlie\u00dflich manuelle Lese, das Pressen ganzer Trauben, die G\u00e4rung durch einheimische Hefen in Eichenf\u00e4ssern und einige Monate Ruhe auf der Feinhefe gew\u00e4hrleisten eine Produktion von nat\u00fcrlicher Stabilit\u00e4t und hoher Qualit\u00e4t.<\/p>\n\t\t<\/div>\n\t\t\t\t<\/div>\n\t\t\t\t\t<\/div>\n\t\t<\/article>\n\t\t\t\t<\/div>\n\t\t\n\t\t\t\t\t\t<\/div>\n\t\t\t\t<\/div>\n\t\t\t\t\t<\/div>\n\t\t<\/div>\n\t\t\t\t\t<\/div>\n\t\t<\/section>\n\t\t\t\t<\/div>\n\t\t","protected":false},"excerpt":{"rendered":"<p>Weintourismus\u2193<\/p>\n","protected":false},"author":1,"featured_media":0,"parent":6032,"menu_order":0,"comment_status":"closed","ping_status":"closed","template":"","meta":{"_acf_changed":false,"footnotes":""},"class_list":["post-6136","page","type-page","status-publish","hentry"],"acf":[],"yoast_head":"<!-- This site is optimized with the Yoast SEO Premium plugin v21.7 (Yoast SEO v27.5) - https:\/\/yoast.com\/product\/yoast-seo-premium-wordpress\/ -->\n<title>Weintourismus - Laterale Residences<\/title>\n<meta name=\"robots\" content=\"index, follow, max-snippet:-1, max-image-preview:large, max-video-preview:-1\" \/>\n<link rel=\"canonical\" href=\"https:\/\/laterale-residences.com\/de\/was-ist-zu-tun\/weintourismus\/\" \/>\n<meta property=\"og:locale\" content=\"de_DE\" \/>\n<meta property=\"og:type\" content=\"article\" \/>\n<meta property=\"og:title\" content=\"Weintourismus\" \/>\n<meta property=\"og:description\" content=\"Weintourismus\u2193\" \/>\n<meta property=\"og:url\" content=\"https:\/\/laterale-residences.com\/de\/was-ist-zu-tun\/weintourismus\/\" \/>\n<meta property=\"og:site_name\" content=\"Laterale Residences\" \/>\n<meta property=\"article:modified_time\" content=\"2022-06-24T13:34:52+00:00\" \/>\n<meta name=\"twitter:card\" content=\"summary_large_image\" \/>\n<script type=\"application\/ld+json\" class=\"yoast-schema-graph\">{\"@context\":\"https:\\\/\\\/schema.org\",\"@graph\":[{\"@type\":\"WebPage\",\"@id\":\"https:\\\/\\\/laterale-residences.com\\\/de\\\/was-ist-zu-tun\\\/weintourismus\\\/\",\"url\":\"https:\\\/\\\/laterale-residences.com\\\/de\\\/was-ist-zu-tun\\\/weintourismus\\\/\",\"name\":\"Weintourismus - Laterale Residences\",\"isPartOf\":{\"@id\":\"https:\\\/\\\/laterale-residences.com\\\/de\\\/#website\"},\"datePublished\":\"2021-07-19T15:09:48+00:00\",\"dateModified\":\"2022-06-24T13:34:52+00:00\",\"breadcrumb\":{\"@id\":\"https:\\\/\\\/laterale-residences.com\\\/de\\\/was-ist-zu-tun\\\/weintourismus\\\/#breadcrumb\"},\"inLanguage\":\"de\",\"potentialAction\":[{\"@type\":\"ReadAction\",\"target\":[\"https:\\\/\\\/laterale-residences.com\\\/de\\\/was-ist-zu-tun\\\/weintourismus\\\/\"]}]},{\"@type\":\"BreadcrumbList\",\"@id\":\"https:\\\/\\\/laterale-residences.com\\\/de\\\/was-ist-zu-tun\\\/weintourismus\\\/#breadcrumb\",\"itemListElement\":[{\"@type\":\"ListItem\",\"position\":1,\"name\":\"Accueil\",\"item\":\"https:\\\/\\\/laterale-residences.com\\\/de\\\/startseite\\\/\"},{\"@type\":\"ListItem\",\"position\":2,\"name\":\"Aktivit\u00e4ten\",\"item\":\"https:\\\/\\\/laterale-residences.com\\\/de\\\/was-ist-zu-tun\\\/\"},{\"@type\":\"ListItem\",\"position\":3,\"name\":\"Weintourismus\"}]},{\"@type\":\"WebSite\",\"@id\":\"https:\\\/\\\/laterale-residences.com\\\/de\\\/#website\",\"url\":\"https:\\\/\\\/laterale-residences.com\\\/de\\\/\",\"name\":\"Laterale Residences\",\"description\":\"Appartements Vacances Riquewihr sur la route des vins d&#039;Alsace\",\"publisher\":{\"@id\":\"https:\\\/\\\/laterale-residences.com\\\/de\\\/#organization\"},\"potentialAction\":[{\"@type\":\"SearchAction\",\"target\":{\"@type\":\"EntryPoint\",\"urlTemplate\":\"https:\\\/\\\/laterale-residences.com\\\/de\\\/?s={search_term_string}\"},\"query-input\":{\"@type\":\"PropertyValueSpecification\",\"valueRequired\":true,\"valueName\":\"search_term_string\"}}],\"inLanguage\":\"de\"},{\"@type\":\"Organization\",\"@id\":\"https:\\\/\\\/laterale-residences.com\\\/de\\\/#organization\",\"name\":\"Laterale Residences\",\"url\":\"https:\\\/\\\/laterale-residences.com\\\/de\\\/\",\"logo\":{\"@type\":\"ImageObject\",\"inLanguage\":\"de\",\"@id\":\"https:\\\/\\\/laterale-residences.com\\\/de\\\/#\\\/schema\\\/logo\\\/image\\\/\",\"url\":\"https:\\\/\\\/laterale-residences.com\\\/wp-content\\\/uploads\\\/2021\\\/07\\\/logo_laterale_residences_etoiles.png\",\"contentUrl\":\"https:\\\/\\\/laterale-residences.com\\\/wp-content\\\/uploads\\\/2021\\\/07\\\/logo_laterale_residences_etoiles.png\",\"width\":600,\"height\":600,\"caption\":\"Laterale Residences\"},\"image\":{\"@id\":\"https:\\\/\\\/laterale-residences.com\\\/de\\\/#\\\/schema\\\/logo\\\/image\\\/\"}}]}<\/script>\n<!-- \/ Yoast SEO Premium plugin. -->","yoast_head_json":{"title":"Weintourismus - Laterale Residences","robots":{"index":"index","follow":"follow","max-snippet":"max-snippet:-1","max-image-preview":"max-image-preview:large","max-video-preview":"max-video-preview:-1"},"canonical":"https:\/\/laterale-residences.com\/de\/was-ist-zu-tun\/weintourismus\/","og_locale":"de_DE","og_type":"article","og_title":"Weintourismus","og_description":"Weintourismus\u2193","og_url":"https:\/\/laterale-residences.com\/de\/was-ist-zu-tun\/weintourismus\/","og_site_name":"Laterale Residences","article_modified_time":"2022-06-24T13:34:52+00:00","twitter_card":"summary_large_image","schema":{"@context":"https:\/\/schema.org","@graph":[{"@type":"WebPage","@id":"https:\/\/laterale-residences.com\/de\/was-ist-zu-tun\/weintourismus\/","url":"https:\/\/laterale-residences.com\/de\/was-ist-zu-tun\/weintourismus\/","name":"Weintourismus - Laterale Residences","isPartOf":{"@id":"https:\/\/laterale-residences.com\/de\/#website"},"datePublished":"2021-07-19T15:09:48+00:00","dateModified":"2022-06-24T13:34:52+00:00","breadcrumb":{"@id":"https:\/\/laterale-residences.com\/de\/was-ist-zu-tun\/weintourismus\/#breadcrumb"},"inLanguage":"de","potentialAction":[{"@type":"ReadAction","target":["https:\/\/laterale-residences.com\/de\/was-ist-zu-tun\/weintourismus\/"]}]},{"@type":"BreadcrumbList","@id":"https:\/\/laterale-residences.com\/de\/was-ist-zu-tun\/weintourismus\/#breadcrumb","itemListElement":[{"@type":"ListItem","position":1,"name":"Accueil","item":"https:\/\/laterale-residences.com\/de\/startseite\/"},{"@type":"ListItem","position":2,"name":"Aktivit\u00e4ten","item":"https:\/\/laterale-residences.com\/de\/was-ist-zu-tun\/"},{"@type":"ListItem","position":3,"name":"Weintourismus"}]},{"@type":"WebSite","@id":"https:\/\/laterale-residences.com\/de\/#website","url":"https:\/\/laterale-residences.com\/de\/","name":"Laterale Residences","description":"Appartements Vacances Riquewihr sur la route des vins d&#039;Alsace","publisher":{"@id":"https:\/\/laterale-residences.com\/de\/#organization"},"potentialAction":[{"@type":"SearchAction","target":{"@type":"EntryPoint","urlTemplate":"https:\/\/laterale-residences.com\/de\/?s={search_term_string}"},"query-input":{"@type":"PropertyValueSpecification","valueRequired":true,"valueName":"search_term_string"}}],"inLanguage":"de"},{"@type":"Organization","@id":"https:\/\/laterale-residences.com\/de\/#organization","name":"Laterale Residences","url":"https:\/\/laterale-residences.com\/de\/","logo":{"@type":"ImageObject","inLanguage":"de","@id":"https:\/\/laterale-residences.com\/de\/#\/schema\/logo\/image\/","url":"https:\/\/laterale-residences.com\/wp-content\/uploads\/2021\/07\/logo_laterale_residences_etoiles.png","contentUrl":"https:\/\/laterale-residences.com\/wp-content\/uploads\/2021\/07\/logo_laterale_residences_etoiles.png","width":600,"height":600,"caption":"Laterale Residences"},"image":{"@id":"https:\/\/laterale-residences.com\/de\/#\/schema\/logo\/image\/"}}]}},"_links":{"self":[{"href":"https:\/\/laterale-residences.com\/de\/wp-json\/wp\/v2\/pages\/6136","targetHints":{"allow":["GET"]}}],"collection":[{"href":"https:\/\/laterale-residences.com\/de\/wp-json\/wp\/v2\/pages"}],"about":[{"href":"https:\/\/laterale-residences.com\/de\/wp-json\/wp\/v2\/types\/page"}],"author":[{"embeddable":true,"href":"https:\/\/laterale-residences.com\/de\/wp-json\/wp\/v2\/users\/1"}],"replies":[{"embeddable":true,"href":"https:\/\/laterale-residences.com\/de\/wp-json\/wp\/v2\/comments?post=6136"}],"version-history":[{"count":3,"href":"https:\/\/laterale-residences.com\/de\/wp-json\/wp\/v2\/pages\/6136\/revisions"}],"predecessor-version":[{"id":10508,"href":"https:\/\/laterale-residences.com\/de\/wp-json\/wp\/v2\/pages\/6136\/revisions\/10508"}],"up":[{"embeddable":true,"href":"https:\/\/laterale-residences.com\/de\/wp-json\/wp\/v2\/pages\/6032"}],"wp:attachment":[{"href":"https:\/\/laterale-residences.com\/de\/wp-json\/wp\/v2\/media?parent=6136"}],"curies":[{"name":"wp","href":"https:\/\/api.w.org\/{rel}","templated":true}]}}