{"id":12886,"date":"2022-04-24T19:56:57","date_gmt":"2022-04-24T17:56:57","guid":{"rendered":"https:\/\/laterale-residences.com\/impressum\/"},"modified":"2022-05-19T11:07:48","modified_gmt":"2022-05-19T09:07:48","slug":"impressum","status":"publish","type":"page","link":"https:\/\/laterale-residences.com\/de\/impressum\/","title":{"rendered":"Impressum"},"content":{"rendered":"<p>Eigent\u00fcmer und\/oder Herausgeber der Website: <strong>https:\/\/laterale-residences.com\/<\/strong><\/p>\n<h3><strong>LATERALE RESIDENCES<br>\n<\/strong><\/h3>\n<p>S\u00e0rl mit einem Kapital von 400.000 Euro<br>\nRC Colmar \u2013 Frankreich \u2013 SIRENE 488 285 966<br>\nHauptsitz: 4 rue Laterale \u2013 68340 Riquewihr<br>\nE-Mail: <a href=\"mailto:contact@laterale-residences.com\">contact@laterale-residences.com<\/a><\/p>\n<p>Herausgeberin: Agnes MULLER Thierry MULLER<br>\nWebredaktion: Agnes M\u00dcLLER<\/p>\n<p><strong>Entwicklung der Website:<\/strong> <strong>AJI Groupe SAS<\/strong> <a href=\"https:\/\/aji-groupe.com\/\" target=\"_blank\" rel=\"noopener\">https:\/\/aji-groupe.com\/<\/a><\/p>\n<p><strong>Webdesign:<\/strong> <strong>AJI Groupe SAS<\/strong> <a href=\"https:\/\/aji-groupe.com\/\" target=\"_blank\" rel=\"noopener\">https:\/\/aji-groupe.com\/<\/a><\/p>\n<p><strong>Urheberrecht der Fotos:<\/strong><br>\n<strong>Thierry M\u00fcller <\/strong><a href=\"http:\/\/\"><\/a><br>\n<strong>Lucas MULLER \u2013 LUKAM<\/strong> <a href=\"https:\/\/www.lukam.fr\/\">https:\/\/www.lukam.fr\/<\/a><br>\n<strong><\/strong> <a href=\"http:\/\/\"><\/a><br>\n<strong><\/strong> <a href=\"http:\/\/\"><\/a><\/p>\n<p><strong>Unterkunft:<\/strong><br>\nDiese Website wird von OVH SAS gehostet<br>\n2 rue Kellermann \u2013 59100 Roubaix \u2013 Frankreich <br>\nRCS: LILLE METROPOLE \u2013 FRANKREICH \u2013 SIRENE: 537 407 926 \u2013 MwSt.: FR 22 424 761 419<\/p>\n<p>\u00a0<\/p>\n<p><strong>pers\u00f6nliche Daten<\/strong><\/p>\n<p>Siehe die Charta \u201eDatenschutzrichtlinie\u201c.<\/p>\n<p>\u00a0<\/p>\n<p><strong>Urheberrechte und Marken<\/strong><\/p>\n<p><strong>Urheberrechte \u00a9<\/strong><br>\nAlle Elemente der Website https:\/\/laterale-residences.com\/, insbesondere die Texte, Pr\u00e4sentationen, Illustrationen, Fotos, Baumstrukturen und Layouts, sind mit Ausnahme \u00f6ffentlicher Dokumente und zus\u00e4tzlicher Details das ausschlie\u00dfliche geistige Eigentum der Firma LATERALE RESIDENCES oder seine Partner.<br>\nDaher sind ihre Darstellungen, Reproduktionen, Verschachtelungen, Verbreitungen und Wiederholungen, teilweise oder vollst\u00e4ndig, gem\u00e4\u00df den Bestimmungen des Gesetzes \u00fcber geistiges Eigentum verboten. Jede Person, die vorgeht, ohne eine vorherige und ausdr\u00fcckliche Genehmigung des Inhabers dieser Rechte nachweisen zu k\u00f6nnen, wird mit den im Gesetz \u00fcber geistiges Eigentum vorgesehenen Strafen im Zusammenhang mit dem Vergehen der F\u00e4lschung belegt.<br>\nDar\u00fcber hinaus sind Darstellungen, Reproduktionen, Verflechtungen, Verbreitungen und erneute Ausstrahlungen, teilweise oder vollst\u00e4ndig, der auf der Website https:\/\/laterale-residences.com\/ enthaltenen Datenbank gem\u00e4\u00df den Bestimmungen des Gesetzes \u00fcber geistiges Eigentum verboten.<br>\nIn jedem Fall muss auf jeder autorisierten Kopie des gesamten oder eines Teils des Inhalts der Website der Hinweis \u201eCopyright LATERALE RESIDENCES Alle Rechte vorbehalten\u201c erscheinen.<\/p>\n<p><strong>Marken<\/strong><br>\nDie auf der Website https:\/\/laterale-residences.com\/ enthaltenen Marken und Logos sind von LATERALE RESIDENCES oder m\u00f6glicherweise von einem ihrer Partner registriert. Daher zieht jede Person, die ihre Darstellungen, Reproduktionen, Verschachtelungen, Verbreitungen und Wiederholungen durchf\u00fchrt, die im Gesetz \u00fcber geistiges Eigentum vorgesehenen Strafen nach sich.<\/p>\n<p><strong>F\u00e4lschen<\/strong><br>\n Jegliche Vervielf\u00e4ltigung oder Darstellung, ganz oder teilweise, f\u00fcr andere Zwecke auf welchem Medium auch immer, ist untersagt. Die Nichteinhaltung dieses Verbots stellt einen Versto\u00df dar, der die zivil- und strafrechtliche Haftung des F\u00e4lschers nach sich ziehen kann. Die in diesem Service enthaltenen Informationen sind unverbindlich und k\u00f6nnen ohne Vorank\u00fcndigung ge\u00e4ndert werden.<\/p>\n<p>Zuletzt aktualisiert: <strong>12. November 2021<\/strong> .<\/p>\n<p><strong>\u00a9 2022 LATERALE RESIDENCES. <\/strong><strong>Alle Rechte vorbehalten.<\/strong><\/p>\n","protected":false},"excerpt":{"rendered":"<p>Eigent\u00fcmer und\/oder Herausgeber der Website: https:\/\/laterale-residences.com\/ LATERALE RESIDENCES S\u00e0rl mit einem Kapital von 400.000 Euro RC Colmar \u2013 Frankreich \u2013 SIRENE 488 285 966 Hauptsitz: 4 rue Laterale \u2013 68340 Riquewihr E-Mail: contact@laterale-residences.com Herausgeberin: Agnes MULLER Thierry MULLER Webredaktion: Agnes M\u00dcLLER Entwicklung der Website: AJI Groupe SAS https:\/\/aji-groupe.com\/ Webdesign: AJI Groupe SAS https:\/\/aji-groupe.com\/ Urheberrecht der [&hellip;]<\/p>\n","protected":false},"author":1,"featured_media":0,"parent":0,"menu_order":0,"comment_status":"closed","ping_status":"closed","template":"","meta":{"_acf_changed":false,"footnotes":""},"class_list":["post-12886","page","type-page","status-publish","hentry"],"acf":[],"yoast_head":"<!-- This site is optimized with the Yoast SEO Premium plugin v21.7 (Yoast SEO v27.3) - https:\/\/yoast.com\/product\/yoast-seo-premium-wordpress\/ -->\n<title>Impressum - Laterale Residences<\/title>\n<meta name=\"robots\" content=\"index, follow, max-snippet:-1, max-image-preview:large, max-video-preview:-1\" \/>\n<link rel=\"canonical\" href=\"https:\/\/laterale-residences.com\/de\/impressum\/\" \/>\n<meta property=\"og:locale\" content=\"de_DE\" \/>\n<meta property=\"og:type\" content=\"article\" \/>\n<meta property=\"og:title\" content=\"Impressum\" \/>\n<meta property=\"og:description\" content=\"Eigent\u00fcmer und\/oder Herausgeber der Website: https:\/\/laterale-residences.com\/ LATERALE RESIDENCES S\u00e0rl mit einem Kapital von 400.000 Euro RC Colmar \u2013 Frankreich \u2013 SIRENE 488 285 966 Hauptsitz: 4 rue Laterale \u2013 68340 Riquewihr E-Mail: contact@laterale-residences.com Herausgeberin: Agnes MULLER Thierry MULLER Webredaktion: Agnes M\u00dcLLER Entwicklung der Website: AJI Groupe SAS https:\/\/aji-groupe.com\/ Webdesign: AJI Groupe SAS https:\/\/aji-groupe.com\/ Urheberrecht der [&hellip;]\" \/>\n<meta property=\"og:url\" content=\"https:\/\/laterale-residences.com\/de\/impressum\/\" \/>\n<meta property=\"og:site_name\" content=\"Laterale Residences\" \/>\n<meta property=\"article:modified_time\" content=\"2022-05-19T09:07:48+00:00\" \/>\n<meta name=\"twitter:card\" content=\"summary_large_image\" \/>\n<meta name=\"twitter:label1\" content=\"Gesch\u00e4tzte Lesezeit\" \/>\n\t<meta name=\"twitter:data1\" content=\"2\u00a0Minuten\" \/>\n<script type=\"application\/ld+json\" class=\"yoast-schema-graph\">{\"@context\":\"https:\\\/\\\/schema.org\",\"@graph\":[{\"@type\":\"WebPage\",\"@id\":\"https:\\\/\\\/laterale-residences.com\\\/de\\\/impressum\\\/\",\"url\":\"https:\\\/\\\/laterale-residences.com\\\/de\\\/impressum\\\/\",\"name\":\"Impressum - Laterale Residences\",\"isPartOf\":{\"@id\":\"https:\\\/\\\/laterale-residences.com\\\/de\\\/#website\"},\"datePublished\":\"2022-04-24T17:56:57+00:00\",\"dateModified\":\"2022-05-19T09:07:48+00:00\",\"breadcrumb\":{\"@id\":\"https:\\\/\\\/laterale-residences.com\\\/de\\\/impressum\\\/#breadcrumb\"},\"inLanguage\":\"de\",\"potentialAction\":[{\"@type\":\"ReadAction\",\"target\":[\"https:\\\/\\\/laterale-residences.com\\\/de\\\/impressum\\\/\"]}]},{\"@type\":\"BreadcrumbList\",\"@id\":\"https:\\\/\\\/laterale-residences.com\\\/de\\\/impressum\\\/#breadcrumb\",\"itemListElement\":[{\"@type\":\"ListItem\",\"position\":1,\"name\":\"Accueil\",\"item\":\"https:\\\/\\\/laterale-residences.com\\\/de\\\/startseite\\\/\"},{\"@type\":\"ListItem\",\"position\":2,\"name\":\"Impressum\"}]},{\"@type\":\"WebSite\",\"@id\":\"https:\\\/\\\/laterale-residences.com\\\/de\\\/#website\",\"url\":\"https:\\\/\\\/laterale-residences.com\\\/de\\\/\",\"name\":\"Laterale Residences\",\"description\":\"Appartements Vacances Riquewihr sur la route des vins d&#039;Alsace\",\"publisher\":{\"@id\":\"https:\\\/\\\/laterale-residences.com\\\/de\\\/#organization\"},\"potentialAction\":[{\"@type\":\"SearchAction\",\"target\":{\"@type\":\"EntryPoint\",\"urlTemplate\":\"https:\\\/\\\/laterale-residences.com\\\/de\\\/?s={search_term_string}\"},\"query-input\":{\"@type\":\"PropertyValueSpecification\",\"valueRequired\":true,\"valueName\":\"search_term_string\"}}],\"inLanguage\":\"de\"},{\"@type\":\"Organization\",\"@id\":\"https:\\\/\\\/laterale-residences.com\\\/de\\\/#organization\",\"name\":\"Laterale Residences\",\"url\":\"https:\\\/\\\/laterale-residences.com\\\/de\\\/\",\"logo\":{\"@type\":\"ImageObject\",\"inLanguage\":\"de\",\"@id\":\"https:\\\/\\\/laterale-residences.com\\\/de\\\/#\\\/schema\\\/logo\\\/image\\\/\",\"url\":\"https:\\\/\\\/laterale-residences.com\\\/wp-content\\\/uploads\\\/2021\\\/07\\\/logo_laterale_residences_etoiles.png\",\"contentUrl\":\"https:\\\/\\\/laterale-residences.com\\\/wp-content\\\/uploads\\\/2021\\\/07\\\/logo_laterale_residences_etoiles.png\",\"width\":600,\"height\":600,\"caption\":\"Laterale Residences\"},\"image\":{\"@id\":\"https:\\\/\\\/laterale-residences.com\\\/de\\\/#\\\/schema\\\/logo\\\/image\\\/\"}}]}<\/script>\n<!-- \/ Yoast SEO Premium plugin. -->","yoast_head_json":{"title":"Impressum - Laterale Residences","robots":{"index":"index","follow":"follow","max-snippet":"max-snippet:-1","max-image-preview":"max-image-preview:large","max-video-preview":"max-video-preview:-1"},"canonical":"https:\/\/laterale-residences.com\/de\/impressum\/","og_locale":"de_DE","og_type":"article","og_title":"Impressum","og_description":"Eigent\u00fcmer und\/oder Herausgeber der Website: https:\/\/laterale-residences.com\/ LATERALE RESIDENCES S\u00e0rl mit einem Kapital von 400.000 Euro RC Colmar \u2013 Frankreich \u2013 SIRENE 488 285 966 Hauptsitz: 4 rue Laterale \u2013 68340 Riquewihr E-Mail: contact@laterale-residences.com Herausgeberin: Agnes MULLER Thierry MULLER Webredaktion: Agnes M\u00dcLLER Entwicklung der Website: AJI Groupe SAS https:\/\/aji-groupe.com\/ Webdesign: AJI Groupe SAS https:\/\/aji-groupe.com\/ Urheberrecht der [&hellip;]","og_url":"https:\/\/laterale-residences.com\/de\/impressum\/","og_site_name":"Laterale Residences","article_modified_time":"2022-05-19T09:07:48+00:00","twitter_card":"summary_large_image","twitter_misc":{"Gesch\u00e4tzte Lesezeit":"2\u00a0Minuten"},"schema":{"@context":"https:\/\/schema.org","@graph":[{"@type":"WebPage","@id":"https:\/\/laterale-residences.com\/de\/impressum\/","url":"https:\/\/laterale-residences.com\/de\/impressum\/","name":"Impressum - Laterale Residences","isPartOf":{"@id":"https:\/\/laterale-residences.com\/de\/#website"},"datePublished":"2022-04-24T17:56:57+00:00","dateModified":"2022-05-19T09:07:48+00:00","breadcrumb":{"@id":"https:\/\/laterale-residences.com\/de\/impressum\/#breadcrumb"},"inLanguage":"de","potentialAction":[{"@type":"ReadAction","target":["https:\/\/laterale-residences.com\/de\/impressum\/"]}]},{"@type":"BreadcrumbList","@id":"https:\/\/laterale-residences.com\/de\/impressum\/#breadcrumb","itemListElement":[{"@type":"ListItem","position":1,"name":"Accueil","item":"https:\/\/laterale-residences.com\/de\/startseite\/"},{"@type":"ListItem","position":2,"name":"Impressum"}]},{"@type":"WebSite","@id":"https:\/\/laterale-residences.com\/de\/#website","url":"https:\/\/laterale-residences.com\/de\/","name":"Laterale Residences","description":"Appartements Vacances Riquewihr sur la route des vins d&#039;Alsace","publisher":{"@id":"https:\/\/laterale-residences.com\/de\/#organization"},"potentialAction":[{"@type":"SearchAction","target":{"@type":"EntryPoint","urlTemplate":"https:\/\/laterale-residences.com\/de\/?s={search_term_string}"},"query-input":{"@type":"PropertyValueSpecification","valueRequired":true,"valueName":"search_term_string"}}],"inLanguage":"de"},{"@type":"Organization","@id":"https:\/\/laterale-residences.com\/de\/#organization","name":"Laterale Residences","url":"https:\/\/laterale-residences.com\/de\/","logo":{"@type":"ImageObject","inLanguage":"de","@id":"https:\/\/laterale-residences.com\/de\/#\/schema\/logo\/image\/","url":"https:\/\/laterale-residences.com\/wp-content\/uploads\/2021\/07\/logo_laterale_residences_etoiles.png","contentUrl":"https:\/\/laterale-residences.com\/wp-content\/uploads\/2021\/07\/logo_laterale_residences_etoiles.png","width":600,"height":600,"caption":"Laterale Residences"},"image":{"@id":"https:\/\/laterale-residences.com\/de\/#\/schema\/logo\/image\/"}}]}},"_links":{"self":[{"href":"https:\/\/laterale-residences.com\/de\/wp-json\/wp\/v2\/pages\/12886","targetHints":{"allow":["GET"]}}],"collection":[{"href":"https:\/\/laterale-residences.com\/de\/wp-json\/wp\/v2\/pages"}],"about":[{"href":"https:\/\/laterale-residences.com\/de\/wp-json\/wp\/v2\/types\/page"}],"author":[{"embeddable":true,"href":"https:\/\/laterale-residences.com\/de\/wp-json\/wp\/v2\/users\/1"}],"replies":[{"embeddable":true,"href":"https:\/\/laterale-residences.com\/de\/wp-json\/wp\/v2\/comments?post=12886"}],"version-history":[{"count":1,"href":"https:\/\/laterale-residences.com\/de\/wp-json\/wp\/v2\/pages\/12886\/revisions"}],"predecessor-version":[{"id":13012,"href":"https:\/\/laterale-residences.com\/de\/wp-json\/wp\/v2\/pages\/12886\/revisions\/13012"}],"wp:attachment":[{"href":"https:\/\/laterale-residences.com\/de\/wp-json\/wp\/v2\/media?parent=12886"}],"curies":[{"name":"wp","href":"https:\/\/api.w.org\/{rel}","templated":true}]}}