{"id":6238,"date":"2022-04-21T10:11:10","date_gmt":"2022-04-21T08:11:10","guid":{"rendered":"https:\/\/laterale-residences.com\/nyheder\/"},"modified":"2022-05-06T10:04:32","modified_gmt":"2022-05-06T08:04:32","slug":"nyheder","status":"publish","type":"page","link":"https:\/\/laterale-residences.com\/da\/nyheder\/","title":{"rendered":"Nyheder"},"content":{"rendered":"\t\t<div data-elementor-type=\"wp-page\" data-elementor-id=\"6238\" class=\"elementor elementor-6238 elementor-863\" data-elementor-settings='{\"ha_cmc_init_switcher\":\"no\"}' data-elementor-post-type=\"page\">\n\t\t\t\t\t\t<section class=\"elementor-section elementor-top-section elementor-element elementor-element-2207364 elementor-section-full_width elementor-section-height-default elementor-section-height-default\" data-id=\"2207364\" data-element_type=\"section\" data-e-type=\"section\" data-settings='{\"_ha_eqh_enable\":false}'>\n\t\t\t\t\t\t<div class=\"elementor-container elementor-column-gap-default\">\n\t\t\t\t\t<div class=\"elementor-column elementor-col-100 elementor-top-column elementor-element elementor-element-14e7167\" data-id=\"14e7167\" data-element_type=\"column\" data-e-type=\"column\">\n\t\t\t<div class=\"elementor-widget-wrap elementor-element-populated\">\n\t\t\t\t\t\t<div class=\"elementor-element elementor-element-fc8f3f9 elementor--h-position-center elementor--v-position-middle elementor-arrows-position-inside elementor-pagination-position-inside elementor-widget elementor-widget-slides\" data-id=\"fc8f3f9\" data-element_type=\"widget\" data-e-type=\"widget\" data-settings='{\"transition\":\"fade\",\"navigation\":\"both\",\"autoplay\":\"yes\",\"pause_on_interaction\":\"yes\",\"autoplay_speed\":5000,\"infinite\":\"yes\",\"transition_speed\":500}' data-widget_type=\"slides.default\">\n\t\t\t\t\t\t\t\t\t\t<div class=\"elementor-slides-wrapper elementor-main-swiper swiper\" role=\"region\" aria-roledescription=\"carousel\" aria-label=\"Dias (slides)\" dir=\"ltr\" data-animation=\"\">\n\t\t\t\t<div class=\"swiper-wrapper elementor-slides\">\n\t\t\t\t\t\t\t\t\t\t<div class=\"elementor-repeater-item-84e3dc1 swiper-slide\" role=\"group\" aria-roledescription=\"slide\"><div class=\"swiper-slide-bg elementor-ken-burns elementor-ken-burns--in\" role=\"img\" aria-label=\"Laterale Residences - Parade V\u00e9nitienne\"><\/div><a class=\"swiper-slide-inner\" href=\"#introduktion\"><div class=\"swiper-slide-contents\"><div class=\"elementor-slide-heading\">Nyheder<\/div><div class=\"elementor-button elementor-slide-button elementor-size-sm\">\u2193<\/div><\/div><\/a><\/div>\t\t\t\t<\/div>\n\t\t\t\t\t\t\t<\/div>\n\t\t\t\t\t\t\t\t<\/div>\n\t\t\t\t\t<\/div>\n\t\t<\/div>\n\t\t\t\t\t<\/div>\n\t\t<\/section>\n\t\t\t\t<section class=\"elementor-section elementor-top-section elementor-element elementor-element-a968997 elementor-section-boxed elementor-section-height-default elementor-section-height-default\" data-id=\"a968997\" data-element_type=\"section\" data-e-type=\"section\" id=\"introduction\" data-settings='{\"_ha_eqh_enable\":false}'>\n\t\t\t\t\t\t<div class=\"elementor-container elementor-column-gap-default\">\n\t\t\t\t\t<div class=\"elementor-column elementor-col-100 elementor-top-column elementor-element elementor-element-dd163e0\" data-id=\"dd163e0\" data-element_type=\"column\" data-e-type=\"column\">\n\t\t\t<div class=\"elementor-widget-wrap elementor-element-populated\">\n\t\t\t\t\t\t<div class=\"elementor-element elementor-element-5484a04 elementor-grid-3 elementor-grid-tablet-2 elementor-grid-mobile-1 elementor-posts--thumbnail-top elementor-card-shadow-yes elementor-posts__hover-gradient elementor-widget elementor-widget-posts\" data-id=\"5484a04\" data-element_type=\"widget\" data-e-type=\"widget\" data-settings='{\"cards_columns\":\"3\",\"cards_columns_tablet\":\"2\",\"cards_columns_mobile\":\"1\",\"cards_row_gap\":{\"unit\":\"px\",\"size\":35,\"sizes\":[]},\"cards_row_gap_tablet\":{\"unit\":\"px\",\"size\":\"\",\"sizes\":[]},\"cards_row_gap_mobile\":{\"unit\":\"px\",\"size\":\"\",\"sizes\":[]}}' data-widget_type=\"posts.cards\">\n\t\t\t\t<div class=\"elementor-widget-container\">\n\t\t\t\t\t\t\t<div class=\"elementor-posts-container elementor-posts elementor-posts--skin-cards elementor-grid\" role=\"list\">\n\t\t\t\t<article class=\"elementor-post elementor-grid-item post-6580 post type-post status-publish format-standard has-post-thumbnail hentry category-nyheder\" role=\"listitem\">\n\t\t\t<div class=\"elementor-post__card\">\n\t\t\t\t<a class=\"elementor-post__thumbnail__link\" href=\"https:\/\/laterale-residences.com\/da\/knepfelfacht\/\" tabindex=\"-1\"><div class=\"elementor-post__thumbnail\"><img fetchpriority=\"high\" decoding=\"async\" width=\"768\" height=\"357\" src=\"https:\/\/laterale-residences.com\/wp-content\/uploads\/2022\/04\/riquewihr-knepfelfacht-2018f-1140x530-1-768x357.jpg\" class=\"attachment-medium_large size-medium_large wp-image-1981\" alt=\"\" srcset=\"https:\/\/laterale-residences.com\/wp-content\/uploads\/2022\/04\/riquewihr-knepfelfacht-2018f-1140x530-1-768x357.jpg 768w, https:\/\/laterale-residences.com\/wp-content\/uploads\/2022\/04\/riquewihr-knepfelfacht-2018f-1140x530-1-300x139.jpg 300w, https:\/\/laterale-residences.com\/wp-content\/uploads\/2022\/04\/riquewihr-knepfelfacht-2018f-1140x530-1-1024x476.jpg 1024w, https:\/\/laterale-residences.com\/wp-content\/uploads\/2022\/04\/riquewihr-knepfelfacht-2018f-1140x530-1.jpg 1140w\" sizes=\"(max-width: 768px) 100vw, 768px\"><\/div><\/a>\n\t\t\t\t<div class=\"elementor-post__badge\">Nyheder<\/div>\n\t\t\t\t<div class=\"elementor-post__text\">\n\t\t\t\t<h3 class=\"elementor-post__title\">\n\t\t\t<a href=\"https:\/\/laterale-residences.com\/da\/knepfelfacht\/\">\n\t\t\t\tKnepfelfacht\t\t\t<\/a>\n\t\t<\/h3>\n\t\t\t\t<div class=\"elementor-post__excerpt\">\n\t\t\t<p>Riquewihr \u2013 l\u00f8rdag 10. juni \u2013 s\u00f8ndag 11. juni 2023<br>\nSmag de forskellige Knepfle-baserede retter p\u00e5 tilbud og gl\u00e6d dine smagsl\u00f8g til en weekend! Der arrangeres forskellige aktiviteter for at s\u00e6tte denne typiske ret i s\u00f8gelyset: smagning, salg, konkurrence om den bedste Knepfel\u2026<\/p>\n\t\t<\/div>\n\t\t\t\t<\/div>\n\t\t\t\t\t<\/div>\n\t\t<\/article>\n\t\t\t\t<article class=\"elementor-post elementor-grid-item post-10313 post type-post status-publish format-standard has-post-thumbnail hentry category-nyheder\" role=\"listitem\">\n\t\t\t<div class=\"elementor-post__card\">\n\t\t\t\t<a class=\"elementor-post__thumbnail__link\" href=\"https:\/\/laterale-residences.com\/da\/kalender-2022-gourmetmarcher\/\" tabindex=\"-1\"><div class=\"elementor-post__thumbnail\"><img decoding=\"async\" width=\"768\" height=\"511\" src=\"https:\/\/laterale-residences.com\/wp-content\/uploads\/2022\/05\/Laterale-Residences7-Marche-gourmande-Illhauesern-768x511.jpg\" class=\"attachment-medium_large size-medium_large wp-image-10291\" alt=\"\" srcset=\"https:\/\/laterale-residences.com\/wp-content\/uploads\/2022\/05\/Laterale-Residences7-Marche-gourmande-Illhauesern-768x511.jpg 768w, https:\/\/laterale-residences.com\/wp-content\/uploads\/2022\/05\/Laterale-Residences7-Marche-gourmande-Illhauesern-300x200.jpg 300w, https:\/\/laterale-residences.com\/wp-content\/uploads\/2022\/05\/Laterale-Residences7-Marche-gourmande-Illhauesern.jpg 1000w\" sizes=\"(max-width: 768px) 100vw, 768px\"><\/div><\/a>\n\t\t\t\t<div class=\"elementor-post__badge\">Nyheder<\/div>\n\t\t\t\t<div class=\"elementor-post__text\">\n\t\t\t\t<h3 class=\"elementor-post__title\">\n\t\t\t<a href=\"https:\/\/laterale-residences.com\/da\/kalender-2022-gourmetmarcher\/\">\n\t\t\t\tGourmetvandringer 2023\t\t\t<\/a>\n\t\t<\/h3>\n\t\t\t\t<div class=\"elementor-post__excerpt\">\n\t\t\t<p>\u201cMarche Gourmande\u201d er en tur i det fri, i skoven, i ving\u00e5rden, pr\u00e6get af mange gourmetstop for at smage lokale produkter: aperitif, forret, hovedret, dessert, kaffe\u2026 ledsaget af vine i harmoni. .. Afgange er i sm\u00e5 grupper fra midt p\u00e5 formiddagen. Du skal bestille i god tid, da pladserne bliver fyldt hurtigt op.<br>\nHer er datoerne for nogle \u201cgourmetmarcher\u201d p\u00e5 vinruten\u2026<\/p>\n\t\t<\/div>\n\t\t\t\t<\/div>\n\t\t\t\t\t<\/div>\n\t\t<\/article>\n\t\t\t\t<article class=\"elementor-post elementor-grid-item post-6812 post type-post status-publish format-standard has-post-thumbnail hentry category-nyheder\" role=\"listitem\">\n\t\t\t<div class=\"elementor-post__card\">\n\t\t\t\t<a class=\"elementor-post__thumbnail__link\" href=\"https:\/\/laterale-residences.com\/da\/venetiansk-parade\/\" tabindex=\"-1\"><div class=\"elementor-post__thumbnail\"><img decoding=\"async\" width=\"768\" height=\"512\" src=\"https:\/\/laterale-residences.com\/wp-content\/uploads\/2022\/04\/IMG_3577-768x512.jpg\" class=\"attachment-medium_large size-medium_large wp-image-2331\" alt=\"\" srcset=\"https:\/\/laterale-residences.com\/wp-content\/uploads\/2022\/04\/IMG_3577-768x512.jpg 768w, https:\/\/laterale-residences.com\/wp-content\/uploads\/2022\/04\/IMG_3577-300x200.jpg 300w, https:\/\/laterale-residences.com\/wp-content\/uploads\/2022\/04\/IMG_3577-1024x683.jpg 1024w, https:\/\/laterale-residences.com\/wp-content\/uploads\/2022\/04\/IMG_3577-1536x1024.jpg 1536w, https:\/\/laterale-residences.com\/wp-content\/uploads\/2022\/04\/IMG_3577-2048x1365.jpg 2048w\" sizes=\"(max-width: 768px) 100vw, 768px\"><\/div><\/a>\n\t\t\t\t<div class=\"elementor-post__badge\">Nyheder<\/div>\n\t\t\t\t<div class=\"elementor-post__text\">\n\t\t\t\t<h3 class=\"elementor-post__title\">\n\t\t\t<a href=\"https:\/\/laterale-residences.com\/da\/venetiansk-parade\/\">\n\t\t\t\tVenetiansk parade\t\t\t<\/a>\n\t\t<\/h3>\n\t\t\t\t<div class=\"elementor-post__excerpt\">\n\t\t\t<p>Riquewihr \u2013 l\u00f8rdag den 1. juli og s\u00f8ndag den 2. juli 2023.<\/p>\n<p>Det venetianske karneval i Riquewihr tager dig med p\u00e5 en rejse gennem det smukke Venedig, med dets kostumer lige ud af et eventyr. Den venetianske parade venter p\u00e5 dig i slutningen af juni, med sin andel af underholdning og parader.<\/p>\n\t\t<\/div>\n\t\t\t\t<\/div>\n\t\t\t\t\t<\/div>\n\t\t<\/article>\n\t\t\t\t<article class=\"elementor-post elementor-grid-item post-11135 post type-post status-publish format-standard has-post-thumbnail hentry category-nyheder\" role=\"listitem\">\n\t\t\t<div class=\"elementor-post__card\">\n\t\t\t\t<a class=\"elementor-post__thumbnail__link\" href=\"https:\/\/laterale-residences.com\/da\/blomsterparade\/\" tabindex=\"-1\"><div class=\"elementor-post__thumbnail\"><img loading=\"lazy\" decoding=\"async\" width=\"269\" height=\"187\" src=\"https:\/\/laterale-residences.com\/wp-content\/uploads\/2022\/05\/Laterale-Residences-Selestat-Corso-Fleuri-01a.jpg\" class=\"attachment-medium_large size-medium_large wp-image-11054\" alt=\"\"><\/div><\/a>\n\t\t\t\t<div class=\"elementor-post__badge\">Nyheder<\/div>\n\t\t\t\t<div class=\"elementor-post__text\">\n\t\t\t\t<h3 class=\"elementor-post__title\">\n\t\t\t<a href=\"https:\/\/laterale-residences.com\/da\/blomsterparade\/\">\n\t\t\t\tBlomsterparade\t\t\t<\/a>\n\t\t<\/h3>\n\t\t\t\t<div class=\"elementor-post__excerpt\">\n\t\t\t<p>S\u00e9lestat \u2013 L\u00f8rdag den 12. og s\u00f8ndag den 13. august 2023.<br>\nEfter en 2-\u00e5rig pause g\u00f8r Corso Fleuri, som fejrer sit 93-\u00e5rs jubil\u00e6um, comeback i 2022.<br>\nMed sine tolv blomsteragtige flydere vil denne flagskibsbegivenhed i byen S\u00e9lestat tage dig med p\u00e5 en g\u00e5tur, der kombinerer naturen og nikker til Europa, byens tema for i \u00e5r 2022. Fra nordiske skove til europ\u00e6iske legender, skikke og traditioner vil publikum blive f\u00f8rt til at lade sig rive med p\u00e5 denne farverige rejse.<\/p>\n\t\t<\/div>\n\t\t\t\t<\/div>\n\t\t\t\t\t<\/div>\n\t\t<\/article>\n\t\t\t\t<article class=\"elementor-post elementor-grid-item post-8602 post type-post status-publish format-standard has-post-thumbnail hentry category-nyheder\" role=\"listitem\">\n\t\t\t<div class=\"elementor-post__card\">\n\t\t\t\t<a class=\"elementor-post__thumbnail__link\" href=\"https:\/\/laterale-residences.com\/da\/spillemandsfestival-pfifferdaj\/\" tabindex=\"-1\"><div class=\"elementor-post__thumbnail\"><img loading=\"lazy\" decoding=\"async\" width=\"768\" height=\"432\" src=\"https:\/\/laterale-residences.com\/wp-content\/uploads\/2022\/10\/Laterale-Residences-Pfifferdaj-2022-Reveil-dOdin-naa-768x432.jpg\" class=\"attachment-medium_large size-medium_large wp-image-15091\" alt=\"\" srcset=\"https:\/\/laterale-residences.com\/wp-content\/uploads\/2022\/10\/Laterale-Residences-Pfifferdaj-2022-Reveil-dOdin-naa-768x432.jpg 768w, https:\/\/laterale-residences.com\/wp-content\/uploads\/2022\/10\/Laterale-Residences-Pfifferdaj-2022-Reveil-dOdin-naa-300x169.jpg 300w, https:\/\/laterale-residences.com\/wp-content\/uploads\/2022\/10\/Laterale-Residences-Pfifferdaj-2022-Reveil-dOdin-naa-1024x576.jpg 1024w, https:\/\/laterale-residences.com\/wp-content\/uploads\/2022\/10\/Laterale-Residences-Pfifferdaj-2022-Reveil-dOdin-naa-1536x864.jpg 1536w, https:\/\/laterale-residences.com\/wp-content\/uploads\/2022\/10\/Laterale-Residences-Pfifferdaj-2022-Reveil-dOdin-naa-2048x1152.jpg 2048w\" sizes=\"(max-width: 768px) 100vw, 768px\"><\/div><\/a>\n\t\t\t\t<div class=\"elementor-post__badge\">Nyheder<\/div>\n\t\t\t\t<div class=\"elementor-post__text\">\n\t\t\t\t<h3 class=\"elementor-post__title\">\n\t\t\t<a href=\"https:\/\/laterale-residences.com\/da\/spillemandsfestival-pfifferdaj\/\">\n\t\t\t\tPfifferdaj\t\t\t<\/a>\n\t\t<\/h3>\n\t\t\t\t<div class=\"elementor-post__excerpt\">\n\t\t\t<p>Ribeauvill\u00e9 \u2013 S\u00f8ndag den 3. september 2023<br>\nF\u00eate des M\u00e9n\u00e9tiers er den \u00e6ldste festival i Alsace. Den har form\u00e5et at bevare traditionerne, kostumerne, farverne og den berygtelse, som hundredvis af musikere og troubadourer gav den fra det 14. \u00e5rhundrede. De tog derefter til Ribeauvill\u00e9 for at fejre deres forbindelser med Ribeaupierres herrer, som beskyttede dem.<\/p>\n\t\t<\/div>\n\t\t\t\t<\/div>\n\t\t\t\t\t<\/div>\n\t\t<\/article>\n\t\t\t\t<\/div>\n\t\t\n\t\t\t\t\t\t<\/div>\n\t\t\t\t<\/div>\n\t\t\t\t\t<\/div>\n\t\t<\/div>\n\t\t\t\t\t<\/div>\n\t\t<\/section>\n\t\t\t\t<\/div>\n\t\t","protected":false},"excerpt":{"rendered":"<p>Nyheder\u2193<\/p>\n","protected":false},"author":1,"featured_media":0,"parent":0,"menu_order":0,"comment_status":"closed","ping_status":"closed","template":"","meta":{"_acf_changed":false,"footnotes":""},"class_list":["post-6238","page","type-page","status-publish","hentry"],"acf":[],"yoast_head":"<!-- This site is optimized with the Yoast SEO Premium plugin v21.7 (Yoast SEO v27.4) - https:\/\/yoast.com\/product\/yoast-seo-premium-wordpress\/ -->\n<title>Nyheder - Laterale Residences<\/title>\n<meta name=\"robots\" content=\"index, follow, max-snippet:-1, max-image-preview:large, max-video-preview:-1\" \/>\n<link rel=\"canonical\" href=\"https:\/\/laterale-residences.com\/da\/nyheder\/\" \/>\n<meta property=\"og:locale\" content=\"da_DK\" \/>\n<meta property=\"og:type\" content=\"article\" \/>\n<meta property=\"og:title\" content=\"Nyheder\" \/>\n<meta property=\"og:description\" content=\"Nyheder\u2193\" \/>\n<meta property=\"og:url\" content=\"https:\/\/laterale-residences.com\/da\/nyheder\/\" \/>\n<meta property=\"og:site_name\" content=\"Laterale Residences\" \/>\n<meta property=\"article:modified_time\" content=\"2022-05-06T08:04:32+00:00\" \/>\n<meta name=\"twitter:card\" content=\"summary_large_image\" \/>\n<script type=\"application\/ld+json\" class=\"yoast-schema-graph\">{\"@context\":\"https:\\\/\\\/schema.org\",\"@graph\":[{\"@type\":\"WebPage\",\"@id\":\"https:\\\/\\\/laterale-residences.com\\\/da\\\/nyheder\\\/\",\"url\":\"https:\\\/\\\/laterale-residences.com\\\/da\\\/nyheder\\\/\",\"name\":\"Nyheder - Laterale Residences\",\"isPartOf\":{\"@id\":\"https:\\\/\\\/laterale-residences.com\\\/da\\\/#website\"},\"datePublished\":\"2022-04-21T08:11:10+00:00\",\"dateModified\":\"2022-05-06T08:04:32+00:00\",\"breadcrumb\":{\"@id\":\"https:\\\/\\\/laterale-residences.com\\\/da\\\/nyheder\\\/#breadcrumb\"},\"inLanguage\":\"da-DK\",\"potentialAction\":[{\"@type\":\"ReadAction\",\"target\":[\"https:\\\/\\\/laterale-residences.com\\\/da\\\/nyheder\\\/\"]}]},{\"@type\":\"BreadcrumbList\",\"@id\":\"https:\\\/\\\/laterale-residences.com\\\/da\\\/nyheder\\\/#breadcrumb\",\"itemListElement\":[{\"@type\":\"ListItem\",\"position\":1,\"name\":\"Accueil\",\"item\":\"https:\\\/\\\/laterale-residences.com\\\/da\\\/hjemmeside\\\/\"},{\"@type\":\"ListItem\",\"position\":2,\"name\":\"Nyheder\"}]},{\"@type\":\"WebSite\",\"@id\":\"https:\\\/\\\/laterale-residences.com\\\/da\\\/#website\",\"url\":\"https:\\\/\\\/laterale-residences.com\\\/da\\\/\",\"name\":\"Laterale Residences\",\"description\":\"Appartements Vacances Riquewihr sur la route des vins d&#039;Alsace\",\"publisher\":{\"@id\":\"https:\\\/\\\/laterale-residences.com\\\/da\\\/#organization\"},\"potentialAction\":[{\"@type\":\"SearchAction\",\"target\":{\"@type\":\"EntryPoint\",\"urlTemplate\":\"https:\\\/\\\/laterale-residences.com\\\/da\\\/?s={search_term_string}\"},\"query-input\":{\"@type\":\"PropertyValueSpecification\",\"valueRequired\":true,\"valueName\":\"search_term_string\"}}],\"inLanguage\":\"da-DK\"},{\"@type\":\"Organization\",\"@id\":\"https:\\\/\\\/laterale-residences.com\\\/da\\\/#organization\",\"name\":\"Laterale Residences\",\"url\":\"https:\\\/\\\/laterale-residences.com\\\/da\\\/\",\"logo\":{\"@type\":\"ImageObject\",\"inLanguage\":\"da-DK\",\"@id\":\"https:\\\/\\\/laterale-residences.com\\\/da\\\/#\\\/schema\\\/logo\\\/image\\\/\",\"url\":\"https:\\\/\\\/laterale-residences.com\\\/wp-content\\\/uploads\\\/2021\\\/07\\\/logo_laterale_residences_etoiles.png\",\"contentUrl\":\"https:\\\/\\\/laterale-residences.com\\\/wp-content\\\/uploads\\\/2021\\\/07\\\/logo_laterale_residences_etoiles.png\",\"width\":600,\"height\":600,\"caption\":\"Laterale Residences\"},\"image\":{\"@id\":\"https:\\\/\\\/laterale-residences.com\\\/da\\\/#\\\/schema\\\/logo\\\/image\\\/\"}}]}<\/script>\n<!-- \/ Yoast SEO Premium plugin. -->","yoast_head_json":{"title":"Nyheder - Laterale Residences","robots":{"index":"index","follow":"follow","max-snippet":"max-snippet:-1","max-image-preview":"max-image-preview:large","max-video-preview":"max-video-preview:-1"},"canonical":"https:\/\/laterale-residences.com\/da\/nyheder\/","og_locale":"da_DK","og_type":"article","og_title":"Nyheder","og_description":"Nyheder\u2193","og_url":"https:\/\/laterale-residences.com\/da\/nyheder\/","og_site_name":"Laterale Residences","article_modified_time":"2022-05-06T08:04:32+00:00","twitter_card":"summary_large_image","schema":{"@context":"https:\/\/schema.org","@graph":[{"@type":"WebPage","@id":"https:\/\/laterale-residences.com\/da\/nyheder\/","url":"https:\/\/laterale-residences.com\/da\/nyheder\/","name":"Nyheder - Laterale Residences","isPartOf":{"@id":"https:\/\/laterale-residences.com\/da\/#website"},"datePublished":"2022-04-21T08:11:10+00:00","dateModified":"2022-05-06T08:04:32+00:00","breadcrumb":{"@id":"https:\/\/laterale-residences.com\/da\/nyheder\/#breadcrumb"},"inLanguage":"da-DK","potentialAction":[{"@type":"ReadAction","target":["https:\/\/laterale-residences.com\/da\/nyheder\/"]}]},{"@type":"BreadcrumbList","@id":"https:\/\/laterale-residences.com\/da\/nyheder\/#breadcrumb","itemListElement":[{"@type":"ListItem","position":1,"name":"Accueil","item":"https:\/\/laterale-residences.com\/da\/hjemmeside\/"},{"@type":"ListItem","position":2,"name":"Nyheder"}]},{"@type":"WebSite","@id":"https:\/\/laterale-residences.com\/da\/#website","url":"https:\/\/laterale-residences.com\/da\/","name":"Laterale Residences","description":"Appartements Vacances Riquewihr sur la route des vins d&#039;Alsace","publisher":{"@id":"https:\/\/laterale-residences.com\/da\/#organization"},"potentialAction":[{"@type":"SearchAction","target":{"@type":"EntryPoint","urlTemplate":"https:\/\/laterale-residences.com\/da\/?s={search_term_string}"},"query-input":{"@type":"PropertyValueSpecification","valueRequired":true,"valueName":"search_term_string"}}],"inLanguage":"da-DK"},{"@type":"Organization","@id":"https:\/\/laterale-residences.com\/da\/#organization","name":"Laterale Residences","url":"https:\/\/laterale-residences.com\/da\/","logo":{"@type":"ImageObject","inLanguage":"da-DK","@id":"https:\/\/laterale-residences.com\/da\/#\/schema\/logo\/image\/","url":"https:\/\/laterale-residences.com\/wp-content\/uploads\/2021\/07\/logo_laterale_residences_etoiles.png","contentUrl":"https:\/\/laterale-residences.com\/wp-content\/uploads\/2021\/07\/logo_laterale_residences_etoiles.png","width":600,"height":600,"caption":"Laterale Residences"},"image":{"@id":"https:\/\/laterale-residences.com\/da\/#\/schema\/logo\/image\/"}}]}},"_links":{"self":[{"href":"https:\/\/laterale-residences.com\/da\/wp-json\/wp\/v2\/pages\/6238","targetHints":{"allow":["GET"]}}],"collection":[{"href":"https:\/\/laterale-residences.com\/da\/wp-json\/wp\/v2\/pages"}],"about":[{"href":"https:\/\/laterale-residences.com\/da\/wp-json\/wp\/v2\/types\/page"}],"author":[{"embeddable":true,"href":"https:\/\/laterale-residences.com\/da\/wp-json\/wp\/v2\/users\/1"}],"replies":[{"embeddable":true,"href":"https:\/\/laterale-residences.com\/da\/wp-json\/wp\/v2\/comments?post=6238"}],"version-history":[{"count":3,"href":"https:\/\/laterale-residences.com\/da\/wp-json\/wp\/v2\/pages\/6238\/revisions"}],"predecessor-version":[{"id":10455,"href":"https:\/\/laterale-residences.com\/da\/wp-json\/wp\/v2\/pages\/6238\/revisions\/10455"}],"wp:attachment":[{"href":"https:\/\/laterale-residences.com\/da\/wp-json\/wp\/v2\/media?parent=6238"}],"curies":[{"name":"wp","href":"https:\/\/api.w.org\/{rel}","templated":true}]}}